{"id":1017,"date":"2025-08-22T12:48:14","date_gmt":"2025-08-22T12:48:14","guid":{"rendered":"https:\/\/www.kocaizmirli.com.tr\/?page_id=1017"},"modified":"2025-11-24T12:50:48","modified_gmt":"2025-11-24T12:50:48","slug":"ilginc-anilarim","status":"publish","type":"page","link":"https:\/\/www.kocaizmirli.com.tr\/?page_id=1017","title":{"rendered":"\u0130lgin\u00e7 An\u0131lar\u0131m"},"content":{"rendered":"\n<p><strong>YA\u015eANMI\u015e \u0130LG\u0130N\u00c7 ANILARIMDAN BAZILARI..<\/strong><\/p>\n\n\n\n<ul class=\"wp-block-list\">\n<li><strong>CUMA NAMAZINA G\u0130TMEK \u0130ST\u0130YORUM!<\/strong><\/li>\n<\/ul>\n\n\n\n<p>Y\u0131l 2000, uluslararas\u0131 bankac\u0131l\u0131k sistemleri i\u00e7in Vsat haberle\u015fme sistemleri kuran ve \u00e7ok da iyi bir maa\u015f veren firmaya girmi\u015f idim. Bug\u00fcnk\u00fc parayla 9 k\u00fcs\u00fcr asgari \u00fccret tutar\u0131nda bir maa\u015fa anla\u015fm\u0131\u015f idik. \u00d6zel aile sigortas\u0131, yemek ticket vesaire \u00e7ok iyiydi. Maa\u015f\u0131n d\u00fc\u015f\u00fck ama y\u0131lba\u015f\u0131nda g\u00fczel bir ayarlama yapar\u0131z diye s\u00f6z vermi\u015fti ve m\u00fcd\u00fcr\u00fcm\u00fcz ODT\u00dc mezunu bir elektronik m\u00fchendisi idi. <br><br>Pazartesi i\u015fe ba\u015flad\u0131m ve i\u015fimize \u0131s\u0131nmaya, al\u0131\u015fmaya \u00e7al\u0131\u015f\u0131yorum, gayette g\u00fczel gidiyor i\u015fimiz. Cuma g\u00fcn\u00fc \u00f6\u011fle vakti geldi ve ben Cuma namaz\u0131na gidip hemen 20 dakika da Cuman\u0131n farz\u0131n\u0131 k\u0131l\u0131p gelmek i\u00e7in izin istedim. Zaten camide \u015firket binas\u0131na 100-150 metre kadar olduk\u00e7a yak\u0131n. Bizim ODT\u00dc&#8217;l\u00fc m\u00fcd\u00fcr\u00fcm\u00fcz &#8220;Hay\u0131r olmaz! i\u015fimiz daha \u00f6nemli gidemezsin&#8221; diye bana Cuma namaz\u0131na gitmeme izin vermedi! Senin dini inan\u00e7lar\u0131na sayg\u0131l\u0131y\u0131z ama i\u015fimiz daha \u00f6nemli dedi. Bende &#8220;m\u00fcd\u00fcr\u00fcm \u015fuan \u00f6\u011fle  molas\u0131 zaten ve sadece 20 dakika izin istiyorum, Cuma namaz\u0131n\u0131n farz\u0131n\u0131 k\u0131l\u0131p hemen gelirim&#8221; dedim. <\/p>\n\n\n\n<p>&#8220;Hay\u0131r izin veremem dedi, senin inan\u00e7lar\u0131na sayg\u0131l\u0131y\u0131z ama i\u015fimiz daha \u00f6nemli&#8221; dedi. Ben ise &#8220;m\u00fcd\u00fcr bey \u00f6\u011fle molas\u0131nda 20 dakika inanc\u0131m gere\u011fi Cuma namaz\u0131na bana izin vermiyorsun ama ben tuvalete girsem 20 dakika de\u011fil daha fazlas\u0131yla 30 dakika tuvaletten \u00e7\u0131kmasam, bana insanl\u0131k hali, midesi bozulmu\u015ftur vesaire diye hi\u00e7bir \u015fey demezsiniz bu nas\u0131l inanca sayg\u0131! Siz bana ve inanc\u0131ma sayg\u0131 duymuyorsunuz dedim. Ben Cuma namaz\u0131na gidiyorum&#8221; dedim. &#8220;Gidersen bir daha bu \u015firkete geri d\u00f6nemezsin&#8221; dedi. Gerek yok d\u00f6nmeyece\u011fim zaten dedim. Bu s\u00f6z\u00fcme \u00e7ok daha bozuldu ODT\u00dc&#8217;l\u00fc m\u00fcd\u00fcr bey! Arkamdan bana dedi ki &#8220;demekki senin yerine yeni birini al\u0131rken ilk soraca\u011f\u0131m\u0131z \u015fey namaz k\u0131lmamas\u0131n\u0131 \u015fart ko\u015faca\u011f\u0131z&#8221; dedi. O g\u00fcn bu g\u00fcnd\u00fcr ODTU mezunlar\u0131n\u0131 pek sevmem.<\/p>\n\n\n\n<p>Vel has\u0131l\u0131 kelam kendime, mesle\u011fime, e\u011fitimime \u00f6yle g\u00fcveniyorum ki Allah\u0131n dini i\u00e7in, inanc\u0131m gere\u011fi rest \u00e7ekmekten de ka\u00e7\u0131nmam. Bu olaydan 2 ay sonra \u0130svi\u00e7re&#8217;li Uluslararas\u0131 \u00e7al\u0131\u015fan ba\u015fka bir \u015firkete girdim. Maa\u015f\u0131 biraz daha d\u00fc\u015f\u00fck idi o g\u00fcnk\u00fc para ile 6 k\u00fcs\u00fcr asgari \u00fccret kadard\u0131. Bu yeni \u015firket ile \u0130svi\u00e7re Z\u00fcrih&#8217;te teknik e\u011fitime gittim. Ben i\u015fime g\u00fcc\u00fcme bakar kimseyle pek ilgilenmem, inanc\u0131m\u0131da zorda kalmadan pek a\u00e7\u0131klamam. \u0130svi\u00e7reli \u015firket m\u00fcd\u00fcr\u00fcm \u00f6\u011fle vakti geldi bana ve beni bo\u015f bir odaya g\u00f6t\u00fcr\u00fcp kap\u0131s\u0131n\u0131 a\u00e7t\u0131 ve dedi ki &#8220;Sen M\u00fcsl\u00fcmans\u0131n e\u011fer ibadet yapmak istersen burada oldu\u011fun m\u00fcddet\u00e7e bu oday\u0131 kullanabilirsin, al buda anahtar\u0131&#8221; dedi. Gel birde buradan bak bu olaylara..<br><br>Biri \u0130stanbul&#8217;da memleketimde dini ya\u015fant\u0131m\u0131 engelliyor s\u00f6zde ad\u0131 m\u00fcsl\u00fcman kendi ka\u011f\u0131t \u00fczerinde ama dev\u015firilmi\u015f yerli gavur dinimi ve inanc\u0131m\u0131 kabul etmeyip, sayg\u0131 g\u00f6stermeyip, inanc\u0131m\u0131 engelliyor! Di\u011feri ise ecnebi memleketinde hristiyan gavuru ama benim dinime inanc\u0131ma sayg\u0131 g\u00f6sterip bana yard\u0131mc\u0131 olmaya \u00e7al\u0131\u015f\u0131yor. Bizim yerli gavurlar\u0131m\u0131z ger\u00e7ekten az\u0131l\u0131 din, \u0130slam, M\u00fcsl\u00fcman d\u00fc\u015fman\u0131 &#8220;kafir kare kafirdirler&#8221;, ya\u015fayarak bizzat g\u00f6rd\u00fcm.<\/p>\n\n\n\n<p>Tabi \u015funu \u00f6zellikle belirtmek isterim, bu olaylardan sonra benim r\u0131zk\u0131m ve kazanc\u0131m \u00e7ok daha fazla artt\u0131. \u00c7\u00fcnk\u00fc r\u0131zk\u0131 veren y\u00fcce Allah&#8217;t\u0131r, kullar sadece sebeptir. Allah sebebi de\u011fi\u015ftiriverendir..<\/p>\n\n\n\n<p class=\"has-text-align-center\">&#8212;&#8211; o &#8212;&#8211;<\/p>\n\n\n\n<ul class=\"wp-block-list\">\n<li><strong>CUMA NAMAZINA G\u0130TT\u0130\u011e\u0130N\u0130Z\u0130 B\u0130LSEYD\u0130K S\u0130Z\u0130NLE \u0130\u015e YAPMAZDIK!<\/strong><\/li>\n<\/ul>\n\n\n\n<p>Yapt\u0131\u011f\u0131m\u0131z i\u015fimiz gere\u011fi herkesin yapamad\u0131\u011f\u0131 e\u011fitim ve uzmanl\u0131k gereken cihazlar\u0131n ticaretini de yapmaktay\u0131z. Bir s\u0131ra kendi firmam\u0131zda bizim birader ile de beraber \u00e7al\u0131\u015fm\u0131\u015f idik. T\u00fcrkiye de olduk\u00e7a \u00fcnl\u00fc \u015fi\u015fe ve cam \u00fcreten b\u00fcy\u00fck bir firmaya Spectrofotometre cihazlar\u0131 satm\u0131\u015f idik. <br><br>Vel has\u0131l\u0131 kelam bir Cuma g\u00fcn\u00fc biz gene Cuma namaz\u0131na gittik. Tam o vakitte tahminimce \u00f6zellikle aray\u0131p tespit etmeye \u00e7al\u0131\u015f\u0131yorlar diye d\u00fc\u015f\u00fcn\u00fcyorum ve bu firma yetkilisi bizi aram\u0131\u015f ama Cuma namaz\u0131nda oldu\u011fumuz i\u00e7in bize ula\u015famam\u0131\u015f.<\/p>\n\n\n\n<p>Cuma namaz\u0131ndan gelip mesaiye ba\u015flay\u0131nca gene arad\u0131lar, bizim birader firma telefonunu a\u00e7\u0131p buyurun deyince &#8221; Bir saattir sizi ar\u0131yoruz ula\u015fam\u0131yoruz, neredesiniz ?&#8221; deyince bizim birader de gayri ihtiyari &#8221; Cuma namaz\u0131nda idik buyrun&#8221; dedi. Kar\u015f\u0131 firman\u0131n yetkilisi ise ibretlik \u015fu s\u00f6zleri s\u00f6ylemi\u015ftir !<\/p>\n\n\n\n<p>&#8221; Aaa siz Cuma namaz\u0131m\u0131 k\u0131l\u0131yorsunuz! Bilseydik sizinle i\u015f yapmazd\u0131k&#8221; demi\u015flerdir.<br><br>\u00d6nemli Not: Ve bir daha asla ger\u00e7ekten bizim firmam\u0131zla \u00e7al\u0131\u015fmad\u0131lar!<\/p>\n\n\n\n<p>&#8220;Kafir kare kafirdir&#8221; &#8220;bizim yerli gavurlar\u0131m\u0131z.. Tabi &#8220;Kafir kare kafir&#8221; benim kendi tabirimdir art\u0131k \u00fcsl\u00fc say\u0131 olarak &#8220;kafir k\u00fcp kafir&#8221; mi? \u00dcsl\u00fc say\u0131lar\u0131 nereye gider Allahu Alem..<\/p>\n\n\n\n<p class=\"has-text-align-center\">&#8212;&#8211; o &#8212;&#8211;<\/p>\n\n\n\n<ul class=\"wp-block-list\">\n<li><strong>\u00c7\u00dcNK\u00dc BEN M\u00dcSL\u00dcMANIM!<\/strong><\/li>\n<\/ul>\n\n\n\n<p>Gene \u00e7al\u0131\u015ft\u0131\u011f\u0131m firmalardan birinde, patronlar\u0131m\u0131z dinle imanla hi\u00e7bir alakas\u0131 olmayan, kul hakk\u0131, \u00e7al\u0131\u015fan hakk\u0131 yiyen ki\u015filerdi. Cuma g\u00fcnleri hi\u00e7bir zaman zaten Cuma namaz\u0131na gitmezlerdi ama sekreterlere talimat verirler, e\u011fer arayan m\u00fc\u015fteri m\u00fcsl\u00fcman ve dini hassasiyeti varsa, cuma namaz\u0131 vakti cuma namaz\u0131nda diye yalan s\u00f6yletirlerdi.<\/p>\n\n\n\n<p>Bir ramazan ay\u0131nda oru\u00e7lu olarak sabah \u015firkete gittim. \u015eirkette kimse oru\u00e7 tutmazd\u0131 ama s\u00f6zde m\u00fcsl\u00fcmanlard\u0131! Sabah \u015firkete girer girmez \u00e7ay ister misin diye sordular, &#8221; Hay\u0131r oru\u00e7luyum&#8221; dedim. &#8211; Ya Mustafa, bu s\u0131cakta, \u00e7al\u0131\u015f\u0131rken niye oru\u00e7 tutup kendini zora sokuyorsun ki dediler? &#8220;\u00c7\u00fcnk\u00fc ben M\u00fcsl\u00fcman\u0131m, bu sebeple oru\u00e7 tutuyorum&#8221; dedim. &#8211; Ne yani biz m\u00fcsl\u00fcman de\u011fil miyiz, bir tek sen mi m\u00fcsl\u00fcmans\u0131n, falan filan deyip bana k\u0131zd\u0131lar ve bir s\u00fcr\u00fc bo\u015f bo\u015f cahilce laf salatas\u0131 yapt\u0131lar..<\/p>\n\n\n\n<p>Her neyse, aradan 5 dakika ge\u00e7ti ge\u00e7medi. Ceyhun diye onlar\u0131n d\u00fc\u015f\u00fcncesinde olan ba\u015fka bir \u00e7al\u0131\u015fan arkada\u015f geldi daha kap\u0131dan i\u00e7eri girer girmez, bunlar\u0131n \u00e7ay i\u00e7ti\u011fini g\u00f6r\u00fcnce &#8220;Bre Kafirler, ramazan da neden oru\u00e7 tutmuyorsunuz&#8221; dedi. Hepsi -hahaha, -hihihi bunun kendilerine &#8220;Kafir&#8221; demesine bile g\u00fcld\u00fcler ve g\u00fcl\u00fcp ge\u00e7tiler, ilahi Ceyhun ne ho\u015fsun dediler..<\/p>\n\n\n\n<p>Ben onlara sadece &#8220;Ben M\u00fcsl\u00fcman\u0131m bu sebeple oru\u00e7 tutuyorum&#8221; deyip inand\u0131\u011f\u0131m gibi ya\u015famaya \u00e7al\u0131\u015ft\u0131\u011f\u0131m ve dik durdu\u011fum i\u00e7in onlar\u0131n ya\u015fant\u0131s\u0131n\u0131 reddetti\u011fim i\u00e7in en g\u00fczel cevab\u0131 verdim. Di\u011fer arkada\u015f ise onlardan oldu\u011fu i\u00e7in onlara Kafir diye hitap etmeleri bile onlara hi\u00e7bir \u015fekilde tesir etmedi.<\/p>\n\n\n\n<p>M\u00fcsl\u00fcman isen ya\u015fant\u0131n, Allah r\u0131zas\u0131 i\u00e7in dik duru\u015fun, konu\u015fman, ibadetin, giyimin vel has\u0131l\u0131 kelam her\u015feyin din d\u00fc\u015fmanlar\u0131na batar. Seni kendilerine benzetmek i\u00e7in ellerinden geleni yapacaklard\u0131r.<br><br>Her zaman dedi\u011fim gibi &#8220;Kafir kare kafirdir&#8221; bizim yerli dev\u015firilmi\u015f din d\u00fc\u015fman\u0131 kafirlerimiz..<\/p>\n\n\n\n<p class=\"has-text-align-center\">&#8212;&#8211; o &#8212;&#8211;<\/p>\n\n\n\n<h1 class=\"wp-block-heading\"><strong>SEVG\u0130L\u0130 BABAM VE SON NEFES\u0130<\/strong><\/h1>\n\n\n\n<p>Bir erke\u011fin ya\u015fam\u0131nda d\u00f6n\u00fcm noktalar\u0131n biride babas\u0131n\u0131 kaybetti\u011fi, babas\u0131n\u0131 ahirete yolcu etti\u011fi g\u00fcnd\u00fcr. Bu s\u00f6z\u00fcn do\u011fru oldu\u011funa inan\u0131r\u0131m. Bu ya\u015fanm\u0131\u015f hikayeyi de baz\u0131 insanlara hem ibret, hem ders, hemde halen vakit varken kurtulu\u015f i\u00e7in \u00e7aba g\u00f6stermeleri i\u00e7in anlat\u0131yorum.<\/p>\n\n\n\n<p>Babam\u0131n \u00e7ocuklu\u011fu ve hayat\u0131 ger\u00e7ekten \u00e7ok zorluklarla ve yoklukla ge\u00e7mi\u015f, tek parti sisteminin dinden uzak, ateist, putperest e\u011fitim politikalar\u0131yla zehirlenmi\u015f ama cuma namazlar\u0131n\u0131 ve kandil gecesi yats\u0131 namazlar\u0131n\u0131 ka\u00e7\u0131rmayan fakat di\u011fer zamanlarda da rak\u0131 kadehini pek terk etmeyen, malum partinin tek adam\u0131n\u0131 \u00f6rnek alan ve savunan biriydi. Ben k\u00fc\u00e7\u00fckken, babam\u0131n tek parti zihniyetinin zehirli e\u011fitim sisteminden \u00f6\u011frenmi\u015f oldu\u011fu bo\u015f mavallar\u0131da kendisinden \u00e7ok\u00e7a dinlemi\u015fli\u011fim vard\u0131r. Bu detaylara pek fazla girmeyece\u011fim ama ben bu ateist ve putperest e\u011fitim sisteminin kendisini kuran rejimin devam\u0131 i\u00e7in gelecek nesillerin beyin y\u0131kama operasyonlar\u0131n\u0131n eseri olmay\u0131 19 ya\u015f\u0131mda terk ettim ve kendi d\u00fcnyam\u0131 ve kendi hayat\u0131m\u0131 kurma yolunu se\u00e7tim.<\/p>\n\n\n\n<p>2000&#8217;li y\u0131llar\u0131n ba\u015f\u0131nda babam\u0131n ya\u015fant\u0131s\u0131ndan hazetmedi\u011fim gibi onun hidayete ermesi, namaz\u0131na ba\u015flamas\u0131, \u00f6l\u00fcml\u00fc ve \u00f6lm\u00fc\u015f insanlar\u0131 putla\u015ft\u0131rarak sevmeyi ve y\u00fcceltmeyi terk etmesi i\u00e7in y\u00fcce, g\u00fczel ve b\u00fcy\u00fck Allah\u0131ma \u00e7ok\u00e7a dualar etmeye ba\u015flad\u0131m. Bir gece ise uykumdan deh\u015fet bir r\u00fcya g\u00f6rerek uyand\u0131m.<\/p>\n\n\n\n<p>&#8220;R\u00fcyamda t\u0131r b\u00fcy\u00fckl\u00fc\u011f\u00fcnde ve kal\u0131nl\u0131\u011f\u0131nda 2 veya 3 kilometre uzunlu\u011funda k\u0131vr\u0131la k\u0131vr\u0131la hareket edip babam\u0131 yakalamaya \u00e7al\u0131\u015fan b\u00fcy\u00fck deh\u015fet verici korkun\u00e7 bir y\u0131lan babam\u0131 koval\u0131yordu. Bilenler bilir, Karabiga&#8217;n\u0131n d\u0131\u015f mahallelerinden ta kalelere kadar uzanan ve k\u0131vr\u0131larak haraket eden korkun\u00e7 ve deh\u015fet verici bir y\u0131lan. Babam ise bu b\u00fcy\u00fck ve canavar gibi korkun\u00e7 y\u0131lan\u0131n sadece birka\u00e7 metre \u00f6n\u00fcnde k\u00fc\u00e7\u00fcc\u00fck bir insan olarak ondan ka\u00e7maya \u00e7al\u0131\u015f\u0131yordu.&#8221; \u015euan yazarken bile g\u00f6rd\u00fc\u011f\u00fcm r\u00fcya ve bu korkun\u00e7 y\u0131lan ger\u00e7ek gibi hala g\u00f6z\u00fcm\u00fcn \u00f6n\u00fcne geliyor..<\/p>\n\n\n\n<p>Bu r\u00fcyadan korkarak uyand\u0131m. Ertesi g\u00fcn manevi b\u00fcy\u00fc\u011f\u00fcm ve de\u011ferli Hocam&#8217;a bu r\u00fcyam\u0131 anlatt\u0131m. Hocam\u0131n tabiri ise &#8220;\u0130\u015fte bu y\u0131lan baban\u0131n ameli ve eninde sonunda baban\u0131 yakalayacak, sana baban\u0131n gidi\u015fat\u0131n\u0131 g\u00f6stermi\u015fler&#8221; dedi. Allaha y\u00f6nelir tevbe ederse ne ala ancak o zaman bu y\u0131lan k\u00fc\u00e7\u00fcl\u00fcp yok olacakt\u0131r ve ondan kurtulacakt\u0131r , dedi. Ben babama bu r\u00fcyam\u0131 hi\u00e7 anlatmad\u0131m veya anlatamad\u0131m ama onun i\u00e7in hem annem hemde babam i\u00e7in daha \u00e7ok dua etmeye, be\u015f vakit namazlar\u0131n\u0131 k\u0131lmaya ba\u015flamalar\u0131, tevbe etmelerini ve \u00f6lm\u00fc\u015f aciz insanlar\u0131 sevip putla\u015ft\u0131rmaktan vazge\u00e7ip, a\u00e7\u0131k ve gizli \u015firkten kurtulup, m\u00fcsl\u00fcmanca bir hayat ya\u015fayarak ahirete gitmeleri son nefeslerinin imanla olmas\u0131 i\u00e7in \u00e7ok\u00e7a dualar etmeye ba\u015flad\u0131m. Arada memlekete gitti\u011fimde, \u0130stanbul&#8217;dan telefon etti\u011fimde anne ve babama be\u015f vakit namaza ba\u015flamalar\u0131n\u0131 nasihat etmeye ba\u015flad\u0131m. Dinden tamamen uzak de\u011fillerdi ama be\u015f vakit namazda, tevbe de gidi\u015fatlar\u0131n\u0131 de\u011fi\u015ftirmekte yoktu. Sevgili peygamberim Hz. Muhammed aleyhisselam\u0131n &#8220;Namaz olmayan dinde hay\u0131r yoktur&#8221; dedi\u011fini acizane tebli\u011f idi benimkisi..<\/p>\n\n\n\n<p>2002 y\u0131l\u0131nda Halit abimin erken ya\u015fta kayb\u0131 bizi ailece \u00e7ok \u00fczd\u00fc fakat annemle babam\u0131 sanki y\u0131kt\u0131 ge\u00e7ti. Annem ve babam bu \u00fcz\u00fcnt\u00fclerden olsa gerek daha fazla bizlere \u0130stanbul&#8217;a gelip gitmeye ba\u015flad\u0131lar. \u0130ster ailecek ba\u015f\u0131m\u0131za gelen m\u00fcsibetin etkisiyle, ister dualar\u0131m vesilesiyle diyelim annem ve babam be\u015f vakit namaz\u0131na ba\u015flad\u0131lar ama benim o g\u00f6rd\u00fc\u011f\u00fcm deh\u015fet r\u00fcya akl\u0131ma geldik\u00e7e Babam i\u00e7in daha \u00e7ok \u015feyler yapmam gerekti\u011finin fark\u0131nda idim. Babama bizim tasavvuf yolumuzun \u00fcmmeti Muhammedin her ferdine da\u011f\u0131t\u0131lmak \u00fczere Sevgili Peygamber Efendimiz aleyhisselam taraf\u0131ndan hac d\u00f6n\u00fc\u015f\u00fc manevi alemde Medine&#8217;de, Sultan Baba R.A. hazretlerimize verilen, ondan da \u015eerafettin Poyraz Hocam\u0131za, akabinde de taraf\u0131ma tevdi edilen tesbihat\u0131 \u00e7ekmek \u00fczere kendisine tebli\u011f ettim. Tesbihat k\u0131sa, kolay ve \u00e7ok etkiliydi. Her g\u00fcn sadece,<\/p>\n\n\n\n<p><strong>500 defa &#8220;Esta\u011ffirullah el Azim&#8221;<br>500 defa &#8220;Allah\u00fcmme salli ala Muhammedin vessellim&#8221;<\/strong> \u00e7ekmekten ibaret idi.<\/p>\n\n\n\n<p>Tabi ki ben her ne kadar bu tesbihat\u0131 babama verdiysemde do\u011frusu babam\u0131n \u00e7ekece\u011fine \u00e7okta g\u00fcvenemiyordum. Birg\u00fcn ikindi namaz\u0131 vakti babam\u0131 \u015eerafettin hocam\u0131n g\u00f6rev yapt\u0131\u011f\u0131 camiiye vakit namaz\u0131na g\u00f6t\u00fcrd\u00fcm. Telefon ile de \u00f6nceden \u015eerafettin hocam\u0131 aray\u0131p &#8220;Hocam biz babamla vakit namaz\u0131na gelece\u011fiz, namazdan sonra bu tesbihat\u0131 \u00e7ekmesi i\u00e7in babama birde siz anlatsan\u0131z&#8221; dedim. Kendisi bu g\u00fczel tebli\u011f f\u0131rsatlar\u0131n\u0131 ka\u00e7\u0131rmayan seve seve yapan de\u011ferli bir insand\u0131r ve hemen &#8220;olur tabii ki&#8221; dedi. Vakit namaz\u0131n\u0131 cemaatle k\u0131ld\u0131k, sonra da \u015eerafettin hocam, babam ve ben \u00fc\u00e7\u00fcm\u00fcz caminin alt\u0131ndaki \u00e7ay oca\u011f\u0131na gidip hem \u00e7ay i\u00e7tik, hem sohbet ettik, hemde \u015eerafettin hocam babama bu tesbihat\u0131 tekrardan anlatt\u0131 ve yeniden \u00e7ekmesi i\u00e7in verdi. Babam tamam in\u015fallah \u00e7ekece\u011fim diye ald\u0131 kabul etti.<\/p>\n\n\n\n<p>Bundan sonra babam\u0131n zaman zaman bize geldiklerinde sabah namaz\u0131n\u0131 k\u0131ld\u0131ktan sonra oturup bu tesbihat\u0131 \u00e7ekti\u011fine bizzat \u015fahit oldum. Bazen babama tesbihat\u0131 \u00e7ekiyor musun diye sordu\u011fumda &#8220;Evet \u00e7ekiyorum o\u011flum&#8221; derdi. Babam s\u00f6z\u00fcnde duran, delikanl\u0131, mert, sert g\u00f6r\u00fcn\u00fc\u015f\u00fcn\u00fcn alt\u0131nda merhametli g\u00fczel kalpli, adam gibi erkek adamd\u0131. Allah rahmet eylesin.<\/p>\n\n\n\n<p>S\u00f6z\u00fc uzatmayaca\u011f\u0131m 2005 y\u0131l\u0131nda ailecek annem ve babam dahil iki haftal\u0131k umreye kutsal topraklarada gitmek nasip oldu. 2006 y\u0131l\u0131nda ise sevgili babam kansere yakaland\u0131 ve 2007 y\u0131l\u0131n\u0131n ba\u015f\u0131 Ocak ay\u0131n\u0131n 7&#8217;sinde kanserden yata\u011f\u0131nda \u015fehit oldu. \u015eehit oldu diyorum \u00e7\u00fcnk\u00fc Sevgili Peygamber Efendimiz aleyhisselam &#8220;Tedavisi olmayan hastal\u0131ktan \u00f6len \u00fcmmetim \u015fehittir&#8221; demi\u015ftir.<\/p>\n\n\n\n<p>Babam son zamanlar\u0131nda \u00e7ok a\u011fr\u0131 ac\u0131 \u00e7ekti\u011fi i\u00e7in daha iyi bak\u0131m\u0131 ve morfin a\u011fr\u0131 kesici yap\u0131lmas\u0131 i\u00e7in \u00f6zel bir poliklini\u011fe yat\u0131rm\u0131\u015f idik. Vefat edece\u011fi g\u00fcn, sabah namaz\u0131n\u0131 k\u0131l\u0131p tekrar uyuya kalm\u0131\u015ft\u0131m. R\u00fcyamda H\u0131z\u0131r Aleyhisselam m\u00fcbare\u011fimi Karabiga da bizim evin 2 sokak \u00f6tesinde g\u00f6rd\u00fcm bana yukar\u0131dan ikinci kat balkondan seslendi ve &#8220;Bu miski cennetten baban i\u00e7in getirdim&#8221; dedi\u011fi misk ya\u011f\u0131n\u0131 d\u00f6kt\u00fc bende a\u015fa\u011f\u0131dan iki avucumu a\u00e7arak H\u0131z\u0131r aleyhisselam\u0131n yukar\u0131dan d\u00f6kt\u00fc\u011f\u00fc miski avucumun i\u00e7ine doldurdum ve ko\u015fa ko\u015fa evimize gitmeye ba\u015flad\u0131m. \u00c7e\u015fme \u00f6n\u00fcne geldi\u011fimde babam\u0131n bizim evden sesini duymaya ba\u015flad\u0131m, ki \u00e7e\u015fme \u00f6n\u00fc ile bizim evin aras\u0131 80-100 metre kadard\u0131r. Babam \u00e7ok g\u00fczel bir \u015fey kokuyor, \u00e7ok g\u00fczel bir\u015fey kokuyor demeye ba\u015flad\u0131. Evimizin bah\u00e7esinden hemen eve girdim, evin arka odas\u0131nda annem ve babam yan yana idi. Dedim ki &#8220;Babac\u0131\u011f\u0131m vallahi H\u0131z\u0131r aleyhisselam senin i\u00e7in bu miski Cennetten getirmi\u015f&#8221; dedim. Babam iki elini benim avucumun i\u00e7indeki cennetten gelen miske dald\u0131rarak al\u0131p al\u0131p y\u00fcz\u00fcne g\u00f6z\u00fcne vucuduna s\u00fcrd\u00fc\u011f\u00fcn\u00fc g\u00f6rd\u00fcm. B\u00f6ylece r\u00fcyamdan sevin\u00e7le uyan\u0131p hemen haz\u0131rlan\u0131p babam\u0131n yatt\u0131\u011f\u0131 \u00f6zel poliklini\u011fe sabah erken saatte gittim.<\/p>\n\n\n\n<p>Babam uyanm\u0131\u015f ama a\u011fr\u0131 ve s\u0131z\u0131lar\u0131ndan dolay\u0131 hi\u00e7te iyi g\u00f6r\u00fcnm\u00fcyordu. Gelmeden \u00f6nce g\u00f6rd\u00fc\u011f\u00fcm r\u00fcyam\u0131 anlatt\u0131m, t\u00fcm a\u011fr\u0131 ve s\u0131z\u0131lar\u0131 i\u00e7inde beni dinledi ve sevindi. \u00c7ok fazla a\u011fr\u0131 ve ac\u0131 \u00e7ekiyordu. Babam\u0131n yatt\u0131\u011f\u0131 odan\u0131n d\u0131\u015f\u0131nda lavabo tuvalet vard\u0131 hemen abdest tazelemek i\u00e7in lavaboya gittim. Lavabodan \u00e7\u0131kt\u0131m ve babam\u0131n yatt\u0131\u011f\u0131 odaya girdi\u011fimde babam s\u0131rt \u00fcst\u00fc yatt\u0131\u011f\u0131 yata\u011f\u0131ndan do\u011frularak &#8220;La ilahe illallah, Muhammeden Resulullah&#8221; dedi ve s\u0131rt \u00fcst\u00fc yata\u011f\u0131na d\u00fc\u015f\u00fcp son nefesini verdi. Son s\u00f6z\u00fc kelime-i tevhid idi.<\/p>\n\n\n\n<p>Hazreti Muhammed Aleyhisselam efendimizin verdi\u011fi tesbihat\u0131 \u00e7ekip, Hz H\u0131z\u0131r Aleyhisselam\u0131n cennetten getirdi\u011fi misk ile m\u00fcjde al\u0131p, imanla ahirete g\u00f6\u00e7mek ne mutlu, ne b\u00fcy\u00fck, ne ola\u011fan \u00fcst\u00fc bir olay, anlat\u0131lamaz ancak ya\u015fanabilir..<\/p>\n\n\n\n<p>Bana nasip olur mu bilmiyorum, son nefesimde imans\u0131z gitmekten korkuyorum. Babam iman bayra\u011f\u0131n\u0131 \u00e7ekip gitti, kurtuldu ama ben olaca\u011f\u0131m\u0131 bilmiyorum. Allah\u0131m sana s\u0131\u011f\u0131nd\u0131m, beni sevdiklerimi son nefeste kurtar, affet, ba\u011f\u0131\u015fla. Sana ve habibine iman \u00fczere can\u0131m\u0131z\u0131 al, bizim sahibimiz sensin Allah\u0131m. Habibin Hazreti Muhammed aleyhisselam h\u00fcrmetine bizi sensiz b\u0131rakma. Bizi sevgiline Hz Muhammed aleyhisselama ba\u011f\u0131\u015fla ey g\u00fczel, y\u00fcce Allah\u0131m.. <strong>Amin.<\/strong><\/p>\n\n\n\n<p>24.11.2025 M.K.<\/p>\n\n\n\n<p class=\"has-text-align-center\"><strong>&#8212;&#8211; o &#8212;&#8211;<\/strong><\/p>\n\n\n\n<p><\/p>\n","protected":false},"excerpt":{"rendered":"<p>YA\u015eANMI\u015e \u0130LG\u0130N\u00c7 ANILARIMDAN BAZILARI.. Y\u0131l 2000, uluslararas\u0131 bankac\u0131l\u0131k sistemleri i\u00e7in Vsat haberle\u015fme sistemleri kuran ve \u00e7ok da iyi bir maa\u015f veren firmaya girmi\u015f idim. Bug\u00fcnk\u00fc parayla 9 k\u00fcs\u00fcr asgari \u00fccret tutar\u0131nda bir maa\u015fa anla\u015fm\u0131\u015f idik. \u00d6zel aile sigortas\u0131, yemek ticket &hellip; <a href=\"https:\/\/www.kocaizmirli.com.tr\/?page_id=1017\">Okumaya devam et <span class=\"meta-nav\">&rarr;<\/span><\/a><\/p>\n","protected":false},"author":1,"featured_media":0,"parent":0,"menu_order":0,"comment_status":"closed","ping_status":"closed","template":"","meta":{"footnotes":""},"class_list":["post-1017","page","type-page","status-publish","hentry"],"_links":{"self":[{"href":"https:\/\/www.kocaizmirli.com.tr\/index.php?rest_route=\/wp\/v2\/pages\/1017","targetHints":{"allow":["GET"]}}],"collection":[{"href":"https:\/\/www.kocaizmirli.com.tr\/index.php?rest_route=\/wp\/v2\/pages"}],"about":[{"href":"https:\/\/www.kocaizmirli.com.tr\/index.php?rest_route=\/wp\/v2\/types\/page"}],"author":[{"embeddable":true,"href":"https:\/\/www.kocaizmirli.com.tr\/index.php?rest_route=\/wp\/v2\/users\/1"}],"replies":[{"embeddable":true,"href":"https:\/\/www.kocaizmirli.com.tr\/index.php?rest_route=%2Fwp%2Fv2%2Fcomments&post=1017"}],"version-history":[{"count":0,"href":"https:\/\/www.kocaizmirli.com.tr\/index.php?rest_route=\/wp\/v2\/pages\/1017\/revisions"}],"wp:attachment":[{"href":"https:\/\/www.kocaizmirli.com.tr\/index.php?rest_route=%2Fwp%2Fv2%2Fmedia&parent=1017"}],"curies":[{"name":"wp","href":"https:\/\/api.w.org\/{rel}","templated":true}]}}