{"id":1106,"date":"2025-08-28T14:28:45","date_gmt":"2025-08-28T14:28:45","guid":{"rendered":"https:\/\/www.kocaizmirli.com.tr\/?page_id=1106"},"modified":"2025-08-28T14:33:48","modified_gmt":"2025-08-28T14:33:48","slug":"fotograflar","status":"publish","type":"page","link":"https:\/\/www.kocaizmirli.com.tr\/?page_id=1106","title":{"rendered":"Foto\u011fraflar"},"content":{"rendered":"\n<figure class=\"wp-block-image size-full\"><img loading=\"lazy\" decoding=\"async\" width=\"804\" height=\"587\" src=\"https:\/\/www.kocaizmirli.com.tr\/wp-content\/uploads\/2025\/08\/Hirkai-Serif.jpg\" alt=\"\" class=\"wp-image-1109\" srcset=\"https:\/\/www.kocaizmirli.com.tr\/wp-content\/uploads\/2025\/08\/Hirkai-Serif.jpg 804w, https:\/\/www.kocaizmirli.com.tr\/wp-content\/uploads\/2025\/08\/Hirkai-Serif-300x219.jpg 300w, https:\/\/www.kocaizmirli.com.tr\/wp-content\/uploads\/2025\/08\/Hirkai-Serif-768x561.jpg 768w, https:\/\/www.kocaizmirli.com.tr\/wp-content\/uploads\/2025\/08\/Hirkai-Serif-411x300.jpg 411w\" sizes=\"auto, (max-width: 804px) 100vw, 804px\" \/><\/figure>\n\n\n\n<figure class=\"wp-block-image size-full\"><img loading=\"lazy\" decoding=\"async\" width=\"810\" height=\"458\" src=\"https:\/\/www.kocaizmirli.com.tr\/wp-content\/uploads\/2025\/08\/Hirkai-Serif2.webp\" alt=\"\" class=\"wp-image-1112\" srcset=\"https:\/\/www.kocaizmirli.com.tr\/wp-content\/uploads\/2025\/08\/Hirkai-Serif2.webp 810w, https:\/\/www.kocaizmirli.com.tr\/wp-content\/uploads\/2025\/08\/Hirkai-Serif2-300x170.webp 300w, https:\/\/www.kocaizmirli.com.tr\/wp-content\/uploads\/2025\/08\/Hirkai-Serif2-768x434.webp 768w, https:\/\/www.kocaizmirli.com.tr\/wp-content\/uploads\/2025\/08\/Hirkai-Serif2-500x283.webp 500w\" sizes=\"auto, (max-width: 810px) 100vw, 810px\" \/><figcaption class=\"wp-element-caption\">H\u0131rka-\u0131 \u015eerif, Restorasyon Sonras\u0131 G\u00f6r\u00fcn\u00fcm\u00fc<\/figcaption><\/figure>\n","protected":false},"excerpt":{"rendered":"","protected":false},"author":1,"featured_media":0,"parent":0,"menu_order":0,"comment_status":"closed","ping_status":"closed","template":"","meta":{"footnotes":""},"class_list":["post-1106","page","type-page","status-publish","hentry"],"_links":{"self":[{"href":"https:\/\/www.kocaizmirli.com.tr\/index.php?rest_route=\/wp\/v2\/pages\/1106","targetHints":{"allow":["GET"]}}],"collection":[{"href":"https:\/\/www.kocaizmirli.com.tr\/index.php?rest_route=\/wp\/v2\/pages"}],"about":[{"href":"https:\/\/www.kocaizmirli.com.tr\/index.php?rest_route=\/wp\/v2\/types\/page"}],"author":[{"embeddable":true,"href":"https:\/\/www.kocaizmirli.com.tr\/index.php?rest_route=\/wp\/v2\/users\/1"}],"replies":[{"embeddable":true,"href":"https:\/\/www.kocaizmirli.com.tr\/index.php?rest_route=%2Fwp%2Fv2%2Fcomments&post=1106"}],"version-history":[{"count":0,"href":"https:\/\/www.kocaizmirli.com.tr\/index.php?rest_route=\/wp\/v2\/pages\/1106\/revisions"}],"wp:attachment":[{"href":"https:\/\/www.kocaizmirli.com.tr\/index.php?rest_route=%2Fwp%2Fv2%2Fmedia&parent=1106"}],"curies":[{"name":"wp","href":"https:\/\/api.w.org\/{rel}","templated":true}]}}