{"id":1218,"date":"2025-09-24T12:24:41","date_gmt":"2025-09-24T12:24:41","guid":{"rendered":"https:\/\/www.kocaizmirli.com.tr\/?page_id=1218"},"modified":"2025-09-24T12:48:59","modified_gmt":"2025-09-24T12:48:59","slug":"aptalca-buldugum-sozler","status":"publish","type":"page","link":"https:\/\/www.kocaizmirli.com.tr\/?page_id=1218","title":{"rendered":"Aptalca Buldu\u011fum S\u00f6zler"},"content":{"rendered":"\n<p><strong>&#8221; Bir \u00e7ok alanda uzmanl\u0131\u011f\u0131 veya diplomas\u0131 varsa, asl\u0131nda hi\u00e7bir alanda uzmanl\u0131\u011f\u0131 yoktur ve hi\u00e7 bir\u015fey bilmiyordur! &#8220;<\/strong><\/p>\n\n\n\n<p>Bu s\u00f6z\u00fc pek \u00e7ok s\u00f6zde akademisyen ve az bu\u00e7uk s\u00f6zde okumu\u015f ki\u015filerden duymu\u015fsunuzdur. Bende zaman zaman duyuyorum. \u0130nsanlar herkesi kendisi gibi san\u0131rlarm\u0131\u015f. Baz\u0131lar\u0131 birilerinden duymu\u015f olduklar\u0131 ve madah bir \u015fey zannettikleri bo\u015f bir s\u00f6z\u00fc papa\u011fan gibi tekrarlarlar..<\/p>\n\n\n\n<p>Kendileri bat\u0131 zihniyetine g\u00f6re tek alanda kendilerini yeti\u015ftirmeye \u00e7al\u0131\u015ft\u0131\u011f\u0131 ve di\u011fer alanlarda kendilerini geli\u015ftirmedikleri ve \u00e7ok y\u00f6nl\u00fc olamad\u0131klar\u0131 i\u00e7in herkesin de \u00f6yle olmas\u0131n\u0131 istiyorlar.<\/p>\n\n\n\n<p>\u0130slam medeniyetinin ilk alimlerini d\u00fc\u015f\u00fcn\u00fcn, bu alimler matematik, t\u0131p, eczac\u0131l\u0131k, fizik, kimya, astronomi, edebiyat, tasavvuf, f\u0131k\u0131h, tefsir gibi daha bir\u00e7ok alanlarda kendilerini yeti\u015ftirmi\u015flerdir ve \u0130slam medeniyeti b\u00f6ylece en y\u00fcksek seviyesine ula\u015fm\u0131\u015ft\u0131r. <\/p>\n\n\n\n<p>\u015eunu unutmayal\u0131m, bat\u0131l\u0131lar\u0131n a\u00e7t\u0131\u011f\u0131 yoldan giden ve bat\u0131l\u0131lar\u0131n d\u00fc\u015f\u00fcncesinin pe\u015fine tak\u0131lanlar hi\u00e7 bir zaman \u00f6zg\u00fcn olamayacaklar\u0131 gibi bat\u0131l\u0131lar\u0131da ge\u00e7emeyeceklerdir ve onlara sadece kuyruk olacaklard\u0131r.<\/p>\n\n\n\n<p>&#8221; <strong>Psikolojinin babas\u0131 avrupal\u0131 d\u00fc\u015f\u00fcn\u00fcr xxx \u015f\u00f6yle demi\u015f!, Sosyolojini babas\u0131 avrupal\u0131 d\u00fc\u015f\u00fcn\u00fcr b\u00f6yle demi\u015f!, Ekonominin babas\u0131 \u00fcnl\u00fc avrupal\u0131 d\u00fc\u015f\u00fcn\u00fcr \u015funu demi\u015f!<\/strong> &#8220;<\/p>\n\n\n\n<p>B\u0131rak\u0131n \u015fu \u00e7o\u011fu kilise papaz\u0131 olan bat\u0131l\u0131 din adamlar\u0131n\u0131n uydurma \u00e7al\u0131nt\u0131 s\u00f6zlerini ve d\u00fc\u015f\u00fcncelerini! Onlar\u0131n bizden \u00e7ald\u0131\u011f\u0131 ilmi ve kendilerine mal ettikleri s\u00f6zlerin b\u00fcy\u00fck \u00e7o\u011funlu\u011fu orjinalinde bizim \u0130slam medeniyetine aittir.<\/p>\n\n\n\n<p><strong>&#8221; Elalem aya gitmi\u015f, uzaya gitmi\u015f, siz hala Din ile bo\u015f \u015feylerle u\u011fra\u015f\u0131yorsunuz! &#8220;<\/strong><\/p>\n\n\n\n<p>Siz aya veya uzaya gittinizde sizi tutan m\u0131 oldu karde\u015fim. G\u00f6ky\u00fcz\u00fc a\u00e7\u0131k, di\u011fer gezegenlere ve aya gitmek yasak de\u011fil, istedi\u011fin zaman kendini uzaya f\u0131rlatabilirsin. Ne duruyorsun? B\u0131rak\u0131n bu bat\u0131l\u0131 \u00f6zenti, bo\u015f laflar\u0131. B\u0131rak\u0131n \u0130slam d\u00fc\u015fmanl\u0131\u011f\u0131n\u0131da \u00e7al\u0131\u015fman\u0131za bak\u0131n..<\/p>\n\n\n\n<p><\/p>\n","protected":false},"excerpt":{"rendered":"<p>&#8221; Bir \u00e7ok alanda uzmanl\u0131\u011f\u0131 veya diplomas\u0131 varsa, asl\u0131nda hi\u00e7bir alanda uzmanl\u0131\u011f\u0131 yoktur ve hi\u00e7 bir\u015fey bilmiyordur! &#8220; Bu s\u00f6z\u00fc pek \u00e7ok s\u00f6zde akademisyen ve az bu\u00e7uk s\u00f6zde okumu\u015f ki\u015filerden duymu\u015fsunuzdur. Bende zaman zaman duyuyorum. \u0130nsanlar herkesi kendisi gibi san\u0131rlarm\u0131\u015f. &hellip; <a href=\"https:\/\/www.kocaizmirli.com.tr\/?page_id=1218\">Okumaya devam et <span class=\"meta-nav\">&rarr;<\/span><\/a><\/p>\n","protected":false},"author":1,"featured_media":0,"parent":0,"menu_order":0,"comment_status":"closed","ping_status":"closed","template":"","meta":{"footnotes":""},"class_list":["post-1218","page","type-page","status-publish","hentry"],"_links":{"self":[{"href":"https:\/\/www.kocaizmirli.com.tr\/index.php?rest_route=\/wp\/v2\/pages\/1218","targetHints":{"allow":["GET"]}}],"collection":[{"href":"https:\/\/www.kocaizmirli.com.tr\/index.php?rest_route=\/wp\/v2\/pages"}],"about":[{"href":"https:\/\/www.kocaizmirli.com.tr\/index.php?rest_route=\/wp\/v2\/types\/page"}],"author":[{"embeddable":true,"href":"https:\/\/www.kocaizmirli.com.tr\/index.php?rest_route=\/wp\/v2\/users\/1"}],"replies":[{"embeddable":true,"href":"https:\/\/www.kocaizmirli.com.tr\/index.php?rest_route=%2Fwp%2Fv2%2Fcomments&post=1218"}],"version-history":[{"count":0,"href":"https:\/\/www.kocaizmirli.com.tr\/index.php?rest_route=\/wp\/v2\/pages\/1218\/revisions"}],"wp:attachment":[{"href":"https:\/\/www.kocaizmirli.com.tr\/index.php?rest_route=%2Fwp%2Fv2%2Fmedia&parent=1218"}],"curies":[{"name":"wp","href":"https:\/\/api.w.org\/{rel}","templated":true}]}}