{"id":1234,"date":"2025-09-28T05:13:40","date_gmt":"2025-09-28T05:13:40","guid":{"rendered":"https:\/\/www.kocaizmirli.com.tr\/?page_id=1234"},"modified":"2025-10-05T11:13:48","modified_gmt":"2025-10-05T11:13:48","slug":"sevdigim-sarki-sozleri","status":"publish","type":"page","link":"https:\/\/www.kocaizmirli.com.tr\/?page_id=1234","title":{"rendered":"Sevdi\u011fim \u015eark\u0131 S\u00f6zleri"},"content":{"rendered":"\n<p><strong>YUDUM YUDUM SEVDAYIM BEN<\/strong><br><br>G\u00f6nl\u00fcm \u00e7i\u00e7ek a\u015fk ba\u011f\u0131nda, se\u00e7mesini bilmedin<br>Kalbim sana a\u015fk k\u00f6pr\u00fcs\u00fc, ge\u00e7mesini bilmedin<br>Yudum yudum sevday\u0131m ben i\u00e7mesini bilmedin<br>Zaman de\u011fil sevgilim ge\u00e7ip giden habersin<br>\u00d6mr\u00fcn en g\u00fczel \u00e7a\u011f\u0131 ge\u00e7iyor inan sensiz..<br><br>Sevda dolu g\u00f6zlerinle, bakmas\u0131n\u0131 bilmedin<br>Kalbim ocak, a\u015fk\u0131n ate\u015f, yakmas\u0131n\u0131 bilmedin<br>Yudum yudum sevday\u0131m ben i\u00e7mesini bilmedin<br>Zaman de\u011fil sevgilim ge\u00e7ip giden habersin<br>\u00d6mr\u00fcn en g\u00fczel \u00e7a\u011f\u0131 ge\u00e7iyor inan sensiz..<br><br>Y\u0131llar y\u0131l\u0131 bekliyorum, gelmesini bilmedin<br>Can\u0131m gibi sevdim seni, k\u0131ymetimi bilmedin<br>Yudum yudum sevday\u0131m ben, i\u00e7mesini bilmedin<br>Zaman de\u011fil sevgilim ge\u00e7ip giden habersin<br>\u00d6mr\u00fcn en g\u00fczel \u00e7a\u011f\u0131 ge\u00e7iyor inan sensiz..<\/p>\n\n\n\n<p>-Yazan: Bekir Mutlu<\/p>\n\n\n\n<p>&#8212; o &#8212;<\/p>\n\n\n\n<p><strong>SEN\u0130 A\u015eKSIZ BIRAKMAM<\/strong><br><br>Seninle tatt\u0131m ben her mutlulu\u011fu<br>B\u0131rak\u0131p gidersen bil ki ya\u015famam<br>\u00d6mr\u00fcmden can\u0131mdan ne istersen al<br>G\u00fcl\u00fc susuz seni a\u015fks\u0131z b\u0131rakmam<br><br>\u00dc\u015f\u00fcd\u00fcm diyorsan g\u00fcne\u015f olurum<br>Yanar\u0131m sevginle, ate\u015f olurum<br>Dolar\u0131m havaya, nefes olurum<br>G\u00fcl\u00fc susuz seni a\u015fks\u0131z b\u0131rakmam<br><br>G\u00f6nl\u00fcndeki derdi siler atar\u0131m<br>\u00dcmit p\u0131nar\u0131yla co\u015far akar\u0131m<br>K\u0131\u015f g\u00f6stermem sana ben hep bahar\u0131m<br>G\u00fcl\u00fc susuz seni a\u015fks\u0131z b\u0131rakmam<br><br>\u00dc\u015f\u00fcd\u00fcm diyorsan g\u00fcne\u015f olurum<br>Yanar\u0131m sevginle, ate\u015f olurum<br>Dolar\u0131m havaya, nefes olurum<br>G\u00fcl\u00fc susuz seni a\u015fks\u0131z b\u0131rakmam<br><br>&#8211; Yazan: Zekai Tunca<br>&#8212; o &#8212;<br><\/p>\n\n\n\n<p><\/p>\n","protected":false},"excerpt":{"rendered":"<p>YUDUM YUDUM SEVDAYIM BEN G\u00f6nl\u00fcm \u00e7i\u00e7ek a\u015fk ba\u011f\u0131nda, se\u00e7mesini bilmedinKalbim sana a\u015fk k\u00f6pr\u00fcs\u00fc, ge\u00e7mesini bilmedinYudum yudum sevday\u0131m ben i\u00e7mesini bilmedinZaman de\u011fil sevgilim ge\u00e7ip giden habersin\u00d6mr\u00fcn en g\u00fczel \u00e7a\u011f\u0131 ge\u00e7iyor inan sensiz.. Sevda dolu g\u00f6zlerinle, bakmas\u0131n\u0131 bilmedinKalbim ocak, a\u015fk\u0131n ate\u015f, yakmas\u0131n\u0131 &hellip; <a href=\"https:\/\/www.kocaizmirli.com.tr\/?page_id=1234\">Okumaya devam et <span class=\"meta-nav\">&rarr;<\/span><\/a><\/p>\n","protected":false},"author":1,"featured_media":0,"parent":0,"menu_order":0,"comment_status":"closed","ping_status":"closed","template":"","meta":{"footnotes":""},"class_list":["post-1234","page","type-page","status-publish","hentry"],"_links":{"self":[{"href":"https:\/\/www.kocaizmirli.com.tr\/index.php?rest_route=\/wp\/v2\/pages\/1234","targetHints":{"allow":["GET"]}}],"collection":[{"href":"https:\/\/www.kocaizmirli.com.tr\/index.php?rest_route=\/wp\/v2\/pages"}],"about":[{"href":"https:\/\/www.kocaizmirli.com.tr\/index.php?rest_route=\/wp\/v2\/types\/page"}],"author":[{"embeddable":true,"href":"https:\/\/www.kocaizmirli.com.tr\/index.php?rest_route=\/wp\/v2\/users\/1"}],"replies":[{"embeddable":true,"href":"https:\/\/www.kocaizmirli.com.tr\/index.php?rest_route=%2Fwp%2Fv2%2Fcomments&post=1234"}],"version-history":[{"count":0,"href":"https:\/\/www.kocaizmirli.com.tr\/index.php?rest_route=\/wp\/v2\/pages\/1234\/revisions"}],"wp:attachment":[{"href":"https:\/\/www.kocaizmirli.com.tr\/index.php?rest_route=%2Fwp%2Fv2%2Fmedia&parent=1234"}],"curies":[{"name":"wp","href":"https:\/\/api.w.org\/{rel}","templated":true}]}}