{"id":1240,"date":"2025-10-01T20:22:16","date_gmt":"2025-10-01T20:22:16","guid":{"rendered":"https:\/\/www.kocaizmirli.com.tr\/?page_id=1240"},"modified":"2025-11-22T17:06:34","modified_gmt":"2025-11-22T17:06:34","slug":"siir-denemelerim","status":"publish","type":"page","link":"https:\/\/www.kocaizmirli.com.tr\/?page_id=1240","title":{"rendered":"\u015eiir Denemelerim"},"content":{"rendered":"\n<p><strong>KALP SIZISI<\/strong><br><br>Kalbim derinden s\u0131zl\u0131yor ismini duyunca<br>Yoruldum bu d\u00fcnya dan, sen olmay\u0131nca,<br>Nas\u0131l desem, ismini nas\u0131l ansam bilemiyorum<br>Da\u011flara ta\u015flara ismini hayk\u0131rmak istiyorum,<\/p>\n\n\n\n<p>S\u00f6k\u00fcp kalbimi ellerimle sana sunmak vard\u0131<br>Bir g\u00f6rsen kalbim senin i\u00e7in nas\u0131l da atard\u0131,<br>Kelimeler sana olan duygular\u0131mda kifayetsiz<br>Kimse bilmez derdimi, bende sevgin nihayetsiz<\/p>\n\n\n\n<p>Nereye kime neye baksam seni hat\u0131rl\u0131yorum<br>Kalbim s\u0131zlayarak salat\u00fc selamla seni an\u0131yorum<br>Ya Resulallah, bu k\u00f6lenede ne olur eyle \u015fefaat,<br>Sensiz bu d\u00fcnya ve bu hayat ger\u00e7ekten berbat..<br><br>&#8211; Mustafa Kocaizmirli 23.04.2020<\/p>\n\n\n\n<p>(Esta\u011ffirullah el Azim. Esta\u011ffirullah el Azim. Esta\u011ffirullah el Azim.) <br>(Allah\u00fcmme salli ala Muhammedin vessellim)<\/p>\n\n\n\n<p><\/p>\n","protected":false},"excerpt":{"rendered":"<p>KALP SIZISI Kalbim derinden s\u0131zl\u0131yor ismini duyuncaYoruldum bu d\u00fcnya dan, sen olmay\u0131nca,Nas\u0131l desem, ismini nas\u0131l ansam bilemiyorumDa\u011flara ta\u015flara ismini hayk\u0131rmak istiyorum, S\u00f6k\u00fcp kalbimi ellerimle sana sunmak vard\u0131Bir g\u00f6rsen kalbim senin i\u00e7in nas\u0131l da atard\u0131,Kelimeler sana olan duygular\u0131mda kifayetsizKimse bilmez derdimi, &hellip; <a href=\"https:\/\/www.kocaizmirli.com.tr\/?page_id=1240\">Okumaya devam et <span class=\"meta-nav\">&rarr;<\/span><\/a><\/p>\n","protected":false},"author":1,"featured_media":0,"parent":0,"menu_order":0,"comment_status":"closed","ping_status":"closed","template":"","meta":{"footnotes":""},"class_list":["post-1240","page","type-page","status-publish","hentry"],"_links":{"self":[{"href":"https:\/\/www.kocaizmirli.com.tr\/index.php?rest_route=\/wp\/v2\/pages\/1240","targetHints":{"allow":["GET"]}}],"collection":[{"href":"https:\/\/www.kocaizmirli.com.tr\/index.php?rest_route=\/wp\/v2\/pages"}],"about":[{"href":"https:\/\/www.kocaizmirli.com.tr\/index.php?rest_route=\/wp\/v2\/types\/page"}],"author":[{"embeddable":true,"href":"https:\/\/www.kocaizmirli.com.tr\/index.php?rest_route=\/wp\/v2\/users\/1"}],"replies":[{"embeddable":true,"href":"https:\/\/www.kocaizmirli.com.tr\/index.php?rest_route=%2Fwp%2Fv2%2Fcomments&post=1240"}],"version-history":[{"count":0,"href":"https:\/\/www.kocaizmirli.com.tr\/index.php?rest_route=\/wp\/v2\/pages\/1240\/revisions"}],"wp:attachment":[{"href":"https:\/\/www.kocaizmirli.com.tr\/index.php?rest_route=%2Fwp%2Fv2%2Fmedia&parent=1240"}],"curies":[{"name":"wp","href":"https:\/\/api.w.org\/{rel}","templated":true}]}}