{"id":15,"date":"2025-03-29T16:01:22","date_gmt":"2025-03-29T16:01:22","guid":{"rendered":"https:\/\/www.kocaizmirli.com.tr\/silverstorm\/"},"modified":"2026-04-12T14:22:55","modified_gmt":"2026-04-12T14:22:55","slug":"guncel","status":"publish","type":"page","link":"https:\/\/www.kocaizmirli.com.tr\/?page_id=15","title":{"rendered":"Yaz\u0131lar"},"content":{"rendered":"<div class=\"style-177 style-local-15-c1 position-relative\" data-colibri-id=\"15-c1\">\n<div id=\"hero-accent\" class=\"h-section h-section-global-spacing d-flex align-items-lg-center align-items-md-center align-items-center style-178 style-local-15-c2 position-relative\" data-colibri-component=\"section\" data-colibri-id=\"15-c2\">\n<div class=\"h-section-grid-container h-section-fluid-container\">\n<div class=\"h-row-container gutters-row-lg-0 gutters-row-md-0 gutters-row-2 gutters-row-v-lg-2 gutters-row-v-md-2 gutters-row-v-2 style-179 style-local-15-c3 position-relative\" data-colibri-id=\"15-c3\">\n<div class=\"h-row justify-content-lg-center justify-content-md-center justify-content-center align-items-lg-stretch align-items-md-stretch align-items-stretch gutters-col-lg-0 gutters-col-md-0 gutters-col-2 gutters-col-v-lg-2 gutters-col-v-md-2 gutters-col-v-2\">\n<div class=\"h-column h-column-container d-flex h-col-lg-4 h-col-md-4 h-col-12 style-180-outer style-local-15-c4-outer\">\n<div class=\"d-flex h-flex-basis h-column__inner h-px-lg-3 h-px-md-3 h-px-2 v-inner-lg-3 v-inner-md-3 v-inner-2 style-180 style-local-15-c4 position-relative\" data-colibri-id=\"15-c4\">\n<div class=\"w-100 h-y-container h-column__content h-column__v-align flex-basis-100 align-self-lg-center align-self-md-center align-self-center\">\n<div class=\"h-global-transition-all h-heading style-181 style-local-15-c5 position-relative h-element\" data-colibri-id=\"15-c5\">\n<div class=\"h-heading__outer style-181 style-local-15-c5\">\u00a0<\/div>\n<\/div>\n<\/div>\n<\/div>\n<\/div>\n<\/div>\n<\/div>\n<\/div>\n<\/div>\n<div id=\"contact\" class=\"h-section h-section-global-spacing d-flex align-items-lg-center align-items-md-center align-items-center style-290 style-local-15-c231 position-relative\" data-colibri-component=\"section\" data-colibri-id=\"15-c231\">\n<div class=\"h-section-grid-container h-section-boxed-container\">\n<div class=\"h-row-container gutters-row-lg-0 gutters-row-md-0 gutters-row-2 gutters-row-v-lg-2 gutters-row-v-md-0 gutters-row-v-0 style-291 style-local-15-c232 position-relative\" data-colibri-id=\"15-c232\">\n<div class=\"h-row justify-content-lg-center justify-content-md-center justify-content-center align-items-lg-stretch align-items-md-stretch align-items-stretch gutters-col-lg-0 gutters-col-md-0 gutters-col-2 gutters-col-v-lg-2 gutters-col-v-md-0 gutters-col-v-0\">\n<div class=\"h-column h-column-container d-flex h-col-lg-auto h-col-md-auto h-col-auto style-294-outer style-local-15-c235-outer\">\n<div class=\"d-flex h-flex-basis h-column__inner h-px-lg-3 h-px-md-3 h-px-3 v-inner-lg-3 v-inner-md-3 v-inner-3 style-294 style-local-15-c235 position-relative\" data-colibri-id=\"15-c235\">\n<div class=\"w-100 h-y-container h-column__content h-column__v-align flex-basis-100 align-self-lg-start align-self-md-start align-self-start\">\n<div class=\"style-298 style-local-15-c239 position-relative h-element\" data-colibri-id=\"15-c239\">\n<div class=\"d-flex flex-wrap h-social-icons justify-content-lg-start justify-content-md-start justify-content-start\">\n<div class=\"social-icon-container d-inline-flex\">\n<div class=\"icon-container h-social-icon h-global-transition\">\n<div class=\"h-icon-svg\" style=\"width: 100%; height: 100%;\">\n<p><strong>KANUNLARA UYGUN HER HAK HELAL M\u0130?<\/strong><br \/>Dr. Mustafa Kocaizmirli &#8211; 19032026<\/p>\n<p>Mevcut kanunlar, genellikle dini hassasiyeti olmayan, laik yani sek\u00fcler ki\u015filerden olu\u015fan meclisler taraf\u0131ndan yap\u0131larak uygulamaya konulmaktad\u0131r. Yap\u0131lan kanunlar\u0131n ve koyulan kurallar\u0131n hepsinin \u0130slam dinine uygun oldu\u011fu s\u00f6ylenemez. T\u00fcm bu kanunlar taraf\u0131ndan ki\u015filere verilen haklar Allah taraf\u0131ndan insanlara verilmediyse, kanun yoluyla elde edilen \u015feyler helal de\u011fildir ve kul hakk\u0131na girebilmektedir.<\/p>\n<p>\u00d6rne\u011fin, alkoll\u00fc i\u00e7ki almak, satmak, i\u00e7mek, ikram etmek vesaire kanunen serbesttir ama Allah kat\u0131nda haramd\u0131r. Faiz al\u0131p vermek kanunen serbesttir ama Allah taraf\u0131ndan haram k\u0131l\u0131nm\u0131\u015ft\u0131r. Baz\u0131 \u00fclkelerde kad\u0131nlarla kad\u0131nlar\u0131n, erkeklerle erkeklerin anormal ve sap\u0131k evlilikleri kanunidir ama Allah haram ve yasak k\u0131lm\u0131\u015ft\u0131r. Sizin bizim gibi \u00f6l\u00fcml\u00fc, aciz, zavall\u0131 insanlar\u0131n koydu\u011fu ve uygulad\u0131\u011f\u0131 yasalar veya anayasalar Allah&#8217;\u0131n kanununa ayk\u0131r\u0131 ise imanl\u0131 bir m\u00fcsl\u00fcman bu yasa veya anayasay\u0131 zorla kabul etmek, uygulamak, savunmak zorunda de\u011fildir. Kanunlar, kurallar, sistemler, d\u00fc\u015f\u00fcnceler, ya\u015fayan veya \u00f6lm\u00fc\u015f insanlar putla\u015ft\u0131r\u0131lamaz, bunlar zaman i\u00e7inde de\u011fi\u015ftirilebilir, kald\u0131r\u0131labilir, h\u00fck\u00fcms\u00fcz b\u0131rak\u0131labilinir.<\/p>\n<p>\u00d6l\u00fcmden sonraki hayat olan ahirette, b\u00fcy\u00fck mahkemede Allah\u0131n kanunlar\u0131n\u0131 uygulamayan, kabul etmeyenlerin, insanlar\u0131n mal\u0131n\u0131, m\u00fclk\u00fcn\u00fc, paras\u0131n\u0131 haks\u0131z yere yiyen ve \u00e7alanlar\u0131n yani kul hakk\u0131 yiyenlerin i\u015fleri \u00e7ok zordur, bunlar\u0131n hesab\u0131n\u0131 veremeyecekler. Senin benim d\u00fc\u015f\u00fcnceme g\u00f6re de\u011fil, devletlerin insan yap\u0131m\u0131 kanunlar\u0131na g\u00f6re de\u011fil, Allah\u0131n kanunlar\u0131na g\u00f6re yarg\u0131lanaca\u011f\u0131m\u0131z\u0131, hesap verece\u011fimizi unutmayal\u0131m.<\/p>\n<p>&#8221; Kim Allah&#8217;\u0131n indirdi\u011fi ile h\u00fckmetmezse, i\u015fte onlar k\u00e2firlerin ta kendileridir &#8221; <br \/>Maide Suresi 44. Ayeti Kerime<\/p>\n<p>Mahkemelerde yarg\u0131\u00e7lar\u0131n, insan yap\u0131m\u0131 kanunlarla verdikleri kararlarla ve avukatlar\u0131n insan yap\u0131m\u0131, ki\u015fiye zul\u00fcm eden kanunlarla Allah kat\u0131nda hakk\u0131 olmayan bir hakk\u0131 al\u0131p, ba\u015fka birine verilmesi veya verilmesine sebep olunmas\u0131 zul\u00fcmd\u00fcr ve kul hakk\u0131d\u0131r. Bu kul hakk\u0131na ve zul\u00fcme sebeb olan mahkemeler, yarg\u0131\u00e7lar, savc\u0131lar, avukatlar, bilirki\u015filer ve insan yap\u0131m\u0131 z\u0131rt p\u0131rt de\u011fi\u015ftirilen zul\u00fcm kanunlar\u0131n\u0131 yap\u0131p uygulamaya koyanlar\u0131n hepsi insanlara haks\u0131zl\u0131k ile zul\u00fcm edip kul hakk\u0131 yemektedirler.<\/p>\n<p>\u00d6rne\u011fin g\u00fcn\u00fcm\u00fczde kanunen evliliklerde edinilmi\u015f mallara kat\u0131lma kural\u0131 uygulanmaktad\u0131r. Halbuki \u0130slam dininde evlilikte mal ayr\u0131l\u0131\u011f\u0131 temel prensiptir. Erke\u011fin mal\u0131 erke\u011fin, kad\u0131n\u0131n mal\u0131 kad\u0131n\u0131nd\u0131r. Evlilik boyunca elde edilen mallar, e\u015flerden birinin katk\u0131s\u0131 olmasa ve \u00e7al\u0131\u015fmasa bile bo\u015fanma durumunda genellikle mahkemeler taraf\u0131ndan yar\u0131 yar\u0131ya b\u00f6l\u00fcnmektedir. Burada \u00e7o\u011funlukla kad\u0131nlar Allah kat\u0131nda kendilerine helal k\u0131l\u0131nmayan ve verilmeyen mala m\u00fclke kanun vas\u0131tas\u0131yla haram bir \u015fekilde \u00e7\u00f6kmektedirler. Bu zulme ortak olan, bu hakk\u0131 veren mahkemelerde, hakimlerde, bu yasalar\u0131 kullanarak haks\u0131z ve haram hakk\u0131n al\u0131nmas\u0131na sebep olan avukatlarda bu harama ve zulme ortakt\u0131rlar. Avukatlar birde bo\u015fanmalarda paras\u0131, mal\u0131, m\u00fclk\u00fc \u00e7ok olan e\u015ften kanun yoluyla daha fazla para kopartmak i\u00e7in di\u011fer e\u015f ile ortakl\u0131k, pazarl\u0131k yapt\u0131klar\u0131 da bilinmektedir. Bu avukatlar\u0131n kazand\u0131\u011f\u0131 para, mal, m\u00fclk de ayr\u0131ca dinen haram, kul hakk\u0131 ve zul\u00fcmd\u00fcr. Bu gibi durumlarda Allah taraf\u0131ndan ki\u015fiye verilmeyen hi\u00e7bir hak helal olmayacakt\u0131r.<\/p>\n<p>\u00d6rne\u011fin \u0130slam dininde bo\u015fanan bir kad\u0131n\u0131n nafakas\u0131 sadece 3 ay boyunca kocas\u0131 taraf\u0131ndan sa\u011flanmak zorundad\u0131r. Mehir d\u0131\u015f\u0131nda veya varsa s\u00f6zle\u015fmesi d\u0131\u015f\u0131nda bo\u015fand\u0131\u011f\u0131 kocas\u0131ndan ba\u015fka hi\u00e7 bir hak ve menfaat taleb edemez. 3 aydan sonra eski kocas\u0131, eski kar\u0131s\u0131na nafaka vermek zorunda de\u011fildir. Erkek ise \u0130slam dinine g\u00f6re bo\u015fand\u0131\u011f\u0131 kad\u0131ndan hi\u00e7bir \u015fekilde nafaka alamaz. Kad\u0131n\u0131n veya erke\u011fin kanun zoruyla \u00f6m\u00fcr boyu ald\u0131\u011f\u0131 nafaka ve di\u011fer b\u00fct\u00fcn mal, m\u00fclk, paralar haramd\u0131r. Evlenirken dinen uygun yerlerde \u00e7al\u0131\u015fmak i\u00e7in kocas\u0131ndan izin almad\u0131ysa ve \u015fart ko\u015fmad\u0131ysa, evlilik i\u00e7inde \u00e7al\u0131\u015fmas\u0131na izin verilmedi\u011fi i\u00e7in s\u00f6zde \u00e7al\u0131\u015famama kayb\u0131 tazminat\u0131 da bo\u015fan\u0131rken isteyemez ve haramd\u0131r. Erkek ise evlilik i\u00e7erisinde kendi mevcut ekonomik ko\u015fullar\u0131 i\u00e7erisinde, toplum ortalamas\u0131nda kar\u0131s\u0131n\u0131n varsa \u00e7ocu\u011funun yeme, i\u00e7me, giyinme ve har\u00e7l\u0131k gibi zorunlu ihtiya\u00e7lar\u0131n\u0131 kar\u015f\u0131lamak zorundad\u0131r. Bo\u015fand\u0131ktan sonra ise erkek, re\u015fit olana kadar sadece \u00e7ocuklar\u0131n\u0131n nafakas\u0131n\u0131 sa\u011flamak zorundad\u0131r.<\/p>\n<p>Zaten ki\u015finin kad\u0131n olsun, erkek olsun bo\u015fand\u0131\u011f\u0131 bir ki\u015fi, bo\u015fand\u0131ktan sonra tamamen yabanc\u0131 bir erkek veya yabanc\u0131 bir kad\u0131ndan fark\u0131 kalm\u0131yor ki! Yabanc\u0131 birinden yani elalemden \u00f6m\u00fcr boyu nafaka istemek veya mal\u0131n\u0131n m\u00fclk\u00fcn\u00fcn yar\u0131s\u0131na kanun yoluyla \u00e7\u00f6kmek ve gasb etmekte ne demek oluyor? Laik, dinsiz, sek\u00fcler bir d\u00fczende ya\u015f\u0131yor olabiliriz ama eninde sonunda Allah\u0131n kanunlar\u0131na g\u00f6re hesap verece\u011fimizi unutmayal\u0131m. Ahirette bu laik sistemin zul\u00fcm kanunlar\u0131n\u0131n hi\u00e7bir h\u00fckm\u00fc yoktur ve sizide, bizide laiklik veya bu kanunlar\u0131 yapanlar koruyamaz unutmayal\u0131m!<\/p>\n<p>Ben \u015fahsen kendi k\u0131zlar\u0131ma da s\u00f6yl\u00fcyorum. &#8220;Hi\u00e7birinizin evlendikten sonra bo\u015fanman\u0131z\u0131 istemem. Evlenirken g\u00f6z\u00fcn\u00fcz\u00fc d\u00f6rt a\u00e7\u0131n, evlendi\u011finiz zamanda ikisini kapat\u0131n. Her\u015feyi g\u00f6rmeyin, duymay\u0131n, ara\u015ft\u0131rmay\u0131n. Bo\u015fanman\u0131z i\u00e7in dinen gerekli sebep yoksa bo\u015fanamazs\u0131n\u0131z. Bo\u015fanma gerekli ise de elalemin adam\u0131ndan, eski kocan\u0131zdan mehiriniz ve ortakla\u015fa ald\u0131\u011f\u0131n\u0131z \u015feyler haricinde, kanunlar\u0131n verdi\u011fi ama haram olan hi\u00e7 bir \u015feyi mal, m\u00fclk, para, nafaka istemeyin ve almay\u0131n yoksa babal\u0131k hakk\u0131m\u0131 da helal etmem diye uyar\u0131yorum&#8221; Genede yaparlarsa evlad\u0131mda olsa herkes kendi hesab\u0131n\u0131 kendi verecek. Ben uyarma ve tebli\u011f g\u00f6revimi yerine getiriyorum.<\/p>\n<p>Sonu\u00e7 olarak e\u011fer Allah cc&#8217;a inan\u0131yor ve korkuyorsan\u0131z; i\u015f, sosyal, ticari ve evlilik hayat\u0131n\u0131zda Allah\u0131n size vermedi\u011fi hi\u00e7bir hakk\u0131, mal\u0131, m\u00fclk\u00fc, paray\u0131 ve menfaati kanunlarla al\u0131p gasp etmeyin. Ahirette bunun hesab\u0131n\u0131 veremeyece\u011finiz gibi \u00e7ok b\u00fcy\u00fck ve \u015fiddetli Cehennem azab\u0131n\u0131n da sizi ve bizi bekledi\u011fini unutmayal\u0131m! Uyar\u0131lar\u0131m sadece Allah cc&#8217;undan korkan, ahirete inanan m\u00fcmin kad\u0131n ve m\u00fcmin erkekler i\u00e7indir. Zaten, Allah&#8217;tan korkup kendini bilenler bo\u015fanma s\u00f6z konusu oldu\u011funda bu konuya olduk\u00e7a fazla dikkat edip kar\u015f\u0131 taraf\u0131n hakk\u0131n\u0131 yememeyi, haramlardan ka\u00e7\u0131nmay\u0131 hassasiyetle uyguluyorlar. M\u00fcsl\u00fcmanlar\u0131n d\u0131\u015f\u0131ndaki ki\u015filer ise bu yazd\u0131klar\u0131m\u0131 dikkate almas\u0131nlar. Umar\u0131m faydal\u0131 bir uyar\u0131 yaz\u0131s\u0131 olmu\u015ftur.<\/p>\n<p>&#8220;\u015e\u00fcphesiz her \u015feyin en do\u011frusunu y\u00fcce Allah cc. bilir.&#8221;<\/p>\n<p><em><strong>Dr. Mustafa Kocaizmirli 19032026.<\/strong><\/em><\/p>\n<\/div>\n<\/div>\n<\/div>\n<div class=\"social-icon-container d-inline-flex\">\n<div class=\"icon-container h-social-icon h-global-transition\">\n<div class=\"h-icon-svg\" style=\"width: 100%; height: 100%;\"><!--Icon by Socicon (http:\/\/www.socicon.com)--><\/div>\n<\/div>\n<\/div>\n<div class=\"social-icon-container d-inline-flex\">\n<div class=\"icon-container h-social-icon h-global-transition\">\n<div class=\"h-icon-svg\" style=\"width: 100%; height: 100%;\"><!--Icon by Socicon (http:\/\/www.socicon.com)--><\/div>\n<\/div>\n<\/div>\n<\/div>\n<\/div>\n<\/div>\n<\/div>\n<\/div>\n<\/div>\n<\/div>\n<\/div>\n<\/div>\n<\/div>\n\n<div class=\"wp-block-image\">\n<figure class=\"alignleft size-large\"><img loading=\"lazy\" decoding=\"async\" width=\"1024\" height=\"942\" src=\"https:\/\/www.kocaizmirli.com.tr\/wp-content\/uploads\/2025\/08\/yazi1-1024x942.jpg\" alt=\"\" class=\"wp-image-474\" srcset=\"https:\/\/www.kocaizmirli.com.tr\/wp-content\/uploads\/2025\/08\/yazi1-1024x942.jpg 1024w, https:\/\/www.kocaizmirli.com.tr\/wp-content\/uploads\/2025\/08\/yazi1-300x276.jpg 300w, https:\/\/www.kocaizmirli.com.tr\/wp-content\/uploads\/2025\/08\/yazi1-768x706.jpg 768w, https:\/\/www.kocaizmirli.com.tr\/wp-content\/uploads\/2025\/08\/yazi1-326x300.jpg 326w, https:\/\/www.kocaizmirli.com.tr\/wp-content\/uploads\/2025\/08\/yazi1.jpg 1080w\" sizes=\"auto, (max-width: 1024px) 100vw, 1024px\" \/><\/figure>\n<\/div>\n\n\n<figure class=\"wp-block-image size-large is-resized\"><img loading=\"lazy\" decoding=\"async\" width=\"931\" height=\"1024\" src=\"https:\/\/www.kocaizmirli.com.tr\/wp-content\/uploads\/2025\/03\/WhatsApp-Gorsel-2025-03-29-saat-20.27.08_40bcdf0f-931x1024.jpg\" alt=\"\" class=\"wp-image-118\" style=\"width:540px;height:auto\" srcset=\"https:\/\/www.kocaizmirli.com.tr\/wp-content\/uploads\/2025\/03\/WhatsApp-Gorsel-2025-03-29-saat-20.27.08_40bcdf0f-931x1024.jpg 931w, https:\/\/www.kocaizmirli.com.tr\/wp-content\/uploads\/2025\/03\/WhatsApp-Gorsel-2025-03-29-saat-20.27.08_40bcdf0f-273x300.jpg 273w, https:\/\/www.kocaizmirli.com.tr\/wp-content\/uploads\/2025\/03\/WhatsApp-Gorsel-2025-03-29-saat-20.27.08_40bcdf0f-768x845.jpg 768w, https:\/\/www.kocaizmirli.com.tr\/wp-content\/uploads\/2025\/03\/WhatsApp-Gorsel-2025-03-29-saat-20.27.08_40bcdf0f.jpg 1080w\" sizes=\"auto, (max-width: 931px) 100vw, 931px\" \/><\/figure>\n","protected":false},"excerpt":{"rendered":"<p>\u00a0 KANUNLARA UYGUN HER HAK HELAL M\u0130?Dr. Mustafa Kocaizmirli &#8211; 19032026 Mevcut kanunlar, genellikle dini hassasiyeti olmayan, laik yani sek\u00fcler ki\u015filerden olu\u015fan meclisler taraf\u0131ndan yap\u0131larak uygulamaya konulmaktad\u0131r. Yap\u0131lan kanunlar\u0131n ve koyulan kurallar\u0131n hepsinin \u0130slam dinine uygun oldu\u011fu s\u00f6ylenemez. T\u00fcm bu &hellip; <a href=\"https:\/\/www.kocaizmirli.com.tr\/?page_id=15\">Okumaya devam et <span class=\"meta-nav\">&rarr;<\/span><\/a><\/p>\n","protected":false},"author":1,"featured_media":0,"parent":0,"menu_order":0,"comment_status":"closed","ping_status":"closed","template":"","meta":{"footnotes":""},"class_list":["post-15","page","type-page","status-publish","hentry"],"_links":{"self":[{"href":"https:\/\/www.kocaizmirli.com.tr\/index.php?rest_route=\/wp\/v2\/pages\/15","targetHints":{"allow":["GET"]}}],"collection":[{"href":"https:\/\/www.kocaizmirli.com.tr\/index.php?rest_route=\/wp\/v2\/pages"}],"about":[{"href":"https:\/\/www.kocaizmirli.com.tr\/index.php?rest_route=\/wp\/v2\/types\/page"}],"author":[{"embeddable":true,"href":"https:\/\/www.kocaizmirli.com.tr\/index.php?rest_route=\/wp\/v2\/users\/1"}],"replies":[{"embeddable":true,"href":"https:\/\/www.kocaizmirli.com.tr\/index.php?rest_route=%2Fwp%2Fv2%2Fcomments&post=15"}],"version-history":[{"count":0,"href":"https:\/\/www.kocaizmirli.com.tr\/index.php?rest_route=\/wp\/v2\/pages\/15\/revisions"}],"wp:attachment":[{"href":"https:\/\/www.kocaizmirli.com.tr\/index.php?rest_route=%2Fwp%2Fv2%2Fmedia&parent=15"}],"curies":[{"name":"wp","href":"https:\/\/api.w.org\/{rel}","templated":true}]}}