{"id":16,"date":"2025-03-29T17:01:22","date_gmt":"2025-03-29T17:01:22","guid":{"rendered":"https:\/\/www.kocaizmirli.com.tr\/blog\/"},"modified":"2025-12-27T13:57:23","modified_gmt":"2025-12-27T13:57:23","slug":"bygrf","status":"publish","type":"page","link":"https:\/\/www.kocaizmirli.com.tr\/?page_id=16","title":{"rendered":"Hakk\u0131mda"},"content":{"rendered":"\n<p class=\"has-text-align-left\"><strong>Dr. MUSTAFA KOCA\u0130ZM\u0130RL\u0130<\/strong><br><br>1975 \u0130stanbul do\u011fumludur. Aslen Avrupay\u0131 fetheden ak\u0131nc\u0131lar\u0131n torunlar\u0131 olan, \u00e7o\u011fu Bosna ve Bulgaristan do\u011fumlu, bu vatan topraklar\u0131 i\u00e7in pek \u00e7ok \u015fehit vermi\u015f ve gazi olmu\u015f, balkan g\u00f6\u00e7meni \u015ferefli bir aileden gelmektedir. Nevi \u015fahs\u0131na m\u00fcnhas\u0131r biridir. \u0130\u015f hayat\u0131 dolay\u0131s\u0131yla ba\u015fta \u0130stanbul olmak \u00fczere bir\u00e7ok \u015fehirde ve zaman zaman ise yurt d\u0131\u015f\u0131nda \u00e7al\u0131\u015fmakta ve ya\u015famaktad\u0131r. Hem k\u0131z, hem de erkek \u00e7ocuk babas\u0131d\u0131r. Ailesine ve \u00e7ocuklar\u0131na m\u00fcmk\u00fcn olabilen en iyi ve en do\u011fru insani ve \u0130slami e\u011fitimi verebilmek ve topluma faydal\u0131, g\u00fczel ahlakl\u0131 insanlar yeti\u015ftirebilmek i\u00e7in \u00e7al\u0131\u015fmaktad\u0131r.<\/p>\n\n\n\n<p class=\"has-text-align-left\">1992 y\u0131l\u0131nda ba\u015flad\u0131\u011f\u0131 ve \u00fclkemizin en iyi ilk \u00fc\u00e7\u00fcnde yer alan Teknik bilimler y\u00fcksek okulu &#8220;mekatronik&#8221; alan\u0131ndaki \u00fcniversite e\u011fitimiyle birlikte &#8220;elektronik, makina, bilgisayar teknolojileri&#8221; alanlar\u0131na giri\u015f yapm\u0131\u015f ve halen de bu teknik konularda \u00e7al\u0131\u015fmaktad\u0131r. 1999 y\u0131l\u0131nda ba\u011f\u0131ms\u0131z gen\u00e7 bir giri\u015fimci olarak ilk ticari \u015firketini &#8220;Sistem Elektronik&#8221; i kurmu\u015f ve y\u0131llarca ba\u015far\u0131yla y\u00f6netmi\u015ftir, daha sonra bu firmas\u0131n\u0131 &#8220;Limited \u015eirket&#8221;e d\u00f6n\u00fc\u015ft\u00fcrm\u00fc\u015ft\u00fcr. Sonu\u00e7 itibariyle, 1995 tarihinden beri laboratuvar makinalar\u0131 ve kalite kontrol test cihazlar\u0131 alanlar\u0131nda uzmanla\u015fm\u0131\u015f olarak \u00e7al\u0131\u015fmaktad\u0131r.<br><br>Pek \u00e7ok alanda e\u011fitimini ve genel k\u00fclt\u00fcr\u00fcn\u00fc geli\u015ftirmeye gayret etmektedir. \u0130lk, orta ve lise e\u011fitimi akabinde, merak duydu\u011fu farkl\u0131 alanlarda, bir\u00e7ok \u00fcniversiteden \u00f6n lisans, lisans, y\u00fcksek lisans diplomas\u0131 alm\u0131\u015ft\u0131r. Akademik e\u011fitimde en y\u00fcksek derece olan &#8220;\u0130slam Ekonomisi ve Finans&#8221; doktora program\u0131ndan mezun olarak, bilim doktoru &#8220;PhD&#8221; ile Dr. \u00fcnvan\u0131 alm\u0131\u015ft\u0131r. Hem sosyal bilimler, hem de fen bilimleri alanlar\u0131na ilgi duymaktad\u0131r. Y\u00fcksek e\u011fitim ve \u00f6\u011frenimine ve i\u015f hayat\u0131yla birlikte devam etmi\u015ftir.<\/p>\n\n\n\n<p class=\"has-text-align-left\">Siyasetle ve \u00fclke y\u00f6netimiyle yak\u0131ndan ilgilenmektedir. 2015, 2018, 2023 y\u0131llar\u0131ndaki genel se\u00e7imlerde \u0130stanbul Milletvekilli\u011fi aday adayl\u0131\u011f\u0131, 2024 Yerel se\u00e7imlerinde \u0130stanbul B\u00fcy\u00fck\u015fehir Belediye Ba\u015fkan aday adayl\u0131\u011f\u0131 mevcuttur. Siyasete ve \u00fclke y\u00f6netimine ilgisi g\u00fcncel olarak devam etmektedir.<\/p>\n\n\n\n<p class=\"has-text-align-left\">D\u00fcnya da ziyaret etti\u011fi \u00fclkeler; Almanya, \u0130talya, Amerika Birle\u015fik Devletleri, \u0130svi\u00e7re, Avusturya, \u0130spanya, M\u0131s\u0131r, Suudi Arabistan, \u0130ran, K\u0131rg\u0131zistan, Belarus, \u00d6zbekistan, Katar, Birle\u015fik Arap Emirlikleri, Pakistan, Tayland, Singapur, Endonezya, Honkong, \u00c7in, Tayvan. Bu \u00fclkeleri ticari i\u015f, teknik e\u011fitim ve turistik ama\u00e7larla pek \u00e7ok kez ziyaret etmi\u015f ve buralardaki ya\u015famlar\u0131 g\u00f6zlemlemi\u015ftir.<\/p>\n\n\n\n<p class=\"has-text-align-left\">Halihaz\u0131rda, \u00fcniversitelerde Dr. \u00d6\u011fretim G\u00f6revlisi olarak lisans dersleri vermekte ve akademisyenlik yapmaktad\u0131r. Kadim k\u00fclt\u00fcr\u00fcm\u00fcze ve \u015ferefli b\u00fcy\u00fck ulusal ge\u00e7mi\u015fimize ait milli ve manevi de\u011ferlere ba\u011fl\u0131, \u00e7a\u011fda\u015f ya\u015fam\u0131 tan\u0131yan, bilen, gelece\u011fe haz\u0131r lider ve rehber \u00e7ocuklar ve gen\u00e7ler yeti\u015ftirmeyi kendisine gaye edinmi\u015ftir.<\/p>\n\n\n\n<p class=\"has-text-align-center\">&#8212;&#8211; o &#8212;&#8211;<\/p>\n\n\n\n<p class=\"has-text-align-center\"><\/p>\n","protected":false},"excerpt":{"rendered":"<p>Dr. MUSTAFA KOCA\u0130ZM\u0130RL\u0130 1975 \u0130stanbul do\u011fumludur. Aslen Avrupay\u0131 fetheden ak\u0131nc\u0131lar\u0131n torunlar\u0131 olan, \u00e7o\u011fu Bosna ve Bulgaristan do\u011fumlu, bu vatan topraklar\u0131 i\u00e7in pek \u00e7ok \u015fehit vermi\u015f ve gazi olmu\u015f, balkan g\u00f6\u00e7meni \u015ferefli bir aileden gelmektedir. Nevi \u015fahs\u0131na m\u00fcnhas\u0131r biridir. \u0130\u015f hayat\u0131 &hellip; <a href=\"https:\/\/www.kocaizmirli.com.tr\/?page_id=16\">Okumaya devam et <span class=\"meta-nav\">&rarr;<\/span><\/a><\/p>\n","protected":false},"author":1,"featured_media":0,"parent":0,"menu_order":0,"comment_status":"closed","ping_status":"closed","template":"","meta":{"footnotes":""},"class_list":["post-16","page","type-page","status-publish","hentry"],"_links":{"self":[{"href":"https:\/\/www.kocaizmirli.com.tr\/index.php?rest_route=\/wp\/v2\/pages\/16","targetHints":{"allow":["GET"]}}],"collection":[{"href":"https:\/\/www.kocaizmirli.com.tr\/index.php?rest_route=\/wp\/v2\/pages"}],"about":[{"href":"https:\/\/www.kocaizmirli.com.tr\/index.php?rest_route=\/wp\/v2\/types\/page"}],"author":[{"embeddable":true,"href":"https:\/\/www.kocaizmirli.com.tr\/index.php?rest_route=\/wp\/v2\/users\/1"}],"replies":[{"embeddable":true,"href":"https:\/\/www.kocaizmirli.com.tr\/index.php?rest_route=%2Fwp%2Fv2%2Fcomments&post=16"}],"version-history":[{"count":0,"href":"https:\/\/www.kocaizmirli.com.tr\/index.php?rest_route=\/wp\/v2\/pages\/16\/revisions"}],"wp:attachment":[{"href":"https:\/\/www.kocaizmirli.com.tr\/index.php?rest_route=%2Fwp%2Fv2%2Fmedia&parent=16"}],"curies":[{"name":"wp","href":"https:\/\/api.w.org\/{rel}","templated":true}]}}