{"id":248,"date":"2025-07-26T18:59:26","date_gmt":"2025-07-26T18:59:26","guid":{"rendered":"https:\/\/www.kocaizmirli.com.tr\/?page_id=248"},"modified":"2025-11-17T07:57:03","modified_gmt":"2025-11-17T07:57:03","slug":"sertifikalar","status":"publish","type":"page","link":"https:\/\/www.kocaizmirli.com.tr\/?page_id=248","title":{"rendered":"Sertifikalar"},"content":{"rendered":"<div class=\"wp-block-image\">\n<figure class=\"aligncenter size-full\"><img loading=\"lazy\" decoding=\"async\" width=\"610\" height=\"865\" src=\"https:\/\/www.kocaizmirli.com.tr\/wp-content\/uploads\/2025\/07\/Aile-Dan-mdfy-1.jpg\" alt=\"\" class=\"wp-image-309\" srcset=\"https:\/\/www.kocaizmirli.com.tr\/wp-content\/uploads\/2025\/07\/Aile-Dan-mdfy-1.jpg 610w, https:\/\/www.kocaizmirli.com.tr\/wp-content\/uploads\/2025\/07\/Aile-Dan-mdfy-1-212x300.jpg 212w\" sizes=\"auto, (max-width: 610px) 100vw, 610px\" \/><figcaption class=\"wp-element-caption\">Aile Dan\u0131\u015fmanl\u0131\u011f\u0131 Sertifikas\u0131<\/figcaption><\/figure>\n<\/div>\n\n\n<figure class=\"wp-block-image size-large\"><img loading=\"lazy\" decoding=\"async\" width=\"1024\" height=\"720\" src=\"https:\/\/www.kocaizmirli.com.tr\/wp-content\/uploads\/2025\/07\/yazok2-1024x720.jpg\" alt=\"\" class=\"wp-image-435\" srcset=\"https:\/\/www.kocaizmirli.com.tr\/wp-content\/uploads\/2025\/07\/yazok2-1024x720.jpg 1024w, https:\/\/www.kocaizmirli.com.tr\/wp-content\/uploads\/2025\/07\/yazok2-300x211.jpg 300w, https:\/\/www.kocaizmirli.com.tr\/wp-content\/uploads\/2025\/07\/yazok2-768x540.jpg 768w, https:\/\/www.kocaizmirli.com.tr\/wp-content\/uploads\/2025\/07\/yazok2-1536x1080.jpg 1536w, https:\/\/www.kocaizmirli.com.tr\/wp-content\/uploads\/2025\/07\/yazok2-2048x1440.jpg 2048w, https:\/\/www.kocaizmirli.com.tr\/wp-content\/uploads\/2025\/07\/yazok2-427x300.jpg 427w\" sizes=\"auto, (max-width: 1024px) 100vw, 1024px\" \/><\/figure>\n\n\n\n<figure class=\"wp-block-image size-large\"><img loading=\"lazy\" decoding=\"async\" width=\"1024\" height=\"723\" src=\"https:\/\/www.kocaizmirli.com.tr\/wp-content\/uploads\/2025\/07\/2-1024x723.jpg\" alt=\"\" class=\"wp-image-440\" srcset=\"https:\/\/www.kocaizmirli.com.tr\/wp-content\/uploads\/2025\/07\/2-1024x723.jpg 1024w, https:\/\/www.kocaizmirli.com.tr\/wp-content\/uploads\/2025\/07\/2-300x212.jpg 300w, https:\/\/www.kocaizmirli.com.tr\/wp-content\/uploads\/2025\/07\/2-768x542.jpg 768w, https:\/\/www.kocaizmirli.com.tr\/wp-content\/uploads\/2025\/07\/2-1536x1084.jpg 1536w, https:\/\/www.kocaizmirli.com.tr\/wp-content\/uploads\/2025\/07\/2-425x300.jpg 425w, https:\/\/www.kocaizmirli.com.tr\/wp-content\/uploads\/2025\/07\/2.jpg 1600w\" sizes=\"auto, (max-width: 1024px) 100vw, 1024px\" \/><\/figure>\n\n\n\n<figure class=\"wp-block-image size-large\"><img loading=\"lazy\" decoding=\"async\" width=\"718\" height=\"1024\" src=\"https:\/\/www.kocaizmirli.com.tr\/wp-content\/uploads\/2025\/07\/tanako2-718x1024.jpg\" alt=\"\" class=\"wp-image-433\" srcset=\"https:\/\/www.kocaizmirli.com.tr\/wp-content\/uploads\/2025\/07\/tanako2-718x1024.jpg 718w, https:\/\/www.kocaizmirli.com.tr\/wp-content\/uploads\/2025\/07\/tanako2-210x300.jpg 210w, https:\/\/www.kocaizmirli.com.tr\/wp-content\/uploads\/2025\/07\/tanako2-768x1096.jpg 768w, https:\/\/www.kocaizmirli.com.tr\/wp-content\/uploads\/2025\/07\/tanako2-1076x1536.jpg 1076w, https:\/\/www.kocaizmirli.com.tr\/wp-content\/uploads\/2025\/07\/tanako2-1435x2048.jpg 1435w, https:\/\/www.kocaizmirli.com.tr\/wp-content\/uploads\/2025\/07\/tanako2-scaled.jpg 1794w\" sizes=\"auto, (max-width: 718px) 100vw, 718px\" \/><\/figure>\n\n\n\n<figure class=\"wp-block-image size-large\"><img loading=\"lazy\" decoding=\"async\" width=\"1024\" height=\"707\" src=\"https:\/\/www.kocaizmirli.com.tr\/wp-content\/uploads\/2025\/11\/Image_20251115_0005-1024x707.jpg\" alt=\"\" class=\"wp-image-1355\" srcset=\"https:\/\/www.kocaizmirli.com.tr\/wp-content\/uploads\/2025\/11\/Image_20251115_0005-1024x707.jpg 1024w, https:\/\/www.kocaizmirli.com.tr\/wp-content\/uploads\/2025\/11\/Image_20251115_0005-300x207.jpg 300w, https:\/\/www.kocaizmirli.com.tr\/wp-content\/uploads\/2025\/11\/Image_20251115_0005-768x530.jpg 768w, https:\/\/www.kocaizmirli.com.tr\/wp-content\/uploads\/2025\/11\/Image_20251115_0005-1536x1060.jpg 1536w, https:\/\/www.kocaizmirli.com.tr\/wp-content\/uploads\/2025\/11\/Image_20251115_0005-2048x1413.jpg 2048w, https:\/\/www.kocaizmirli.com.tr\/wp-content\/uploads\/2025\/11\/Image_20251115_0005-435x300.jpg 435w\" sizes=\"auto, (max-width: 1024px) 100vw, 1024px\" \/><\/figure>\n\n\n\n<figure class=\"wp-block-image size-large\"><img loading=\"lazy\" decoding=\"async\" width=\"1024\" height=\"702\" src=\"https:\/\/www.kocaizmirli.com.tr\/wp-content\/uploads\/2025\/11\/Image_20251115_0004-1024x702.jpg\" alt=\"\" class=\"wp-image-1357\" srcset=\"https:\/\/www.kocaizmirli.com.tr\/wp-content\/uploads\/2025\/11\/Image_20251115_0004-1024x702.jpg 1024w, https:\/\/www.kocaizmirli.com.tr\/wp-content\/uploads\/2025\/11\/Image_20251115_0004-300x206.jpg 300w, https:\/\/www.kocaizmirli.com.tr\/wp-content\/uploads\/2025\/11\/Image_20251115_0004-768x526.jpg 768w, https:\/\/www.kocaizmirli.com.tr\/wp-content\/uploads\/2025\/11\/Image_20251115_0004-1536x1053.jpg 1536w, https:\/\/www.kocaizmirli.com.tr\/wp-content\/uploads\/2025\/11\/Image_20251115_0004-2048x1404.jpg 2048w, https:\/\/www.kocaizmirli.com.tr\/wp-content\/uploads\/2025\/11\/Image_20251115_0004-438x300.jpg 438w\" sizes=\"auto, (max-width: 1024px) 100vw, 1024px\" \/><\/figure>\n\n\n\n<figure class=\"wp-block-image size-large\"><img loading=\"lazy\" decoding=\"async\" width=\"1024\" height=\"705\" src=\"https:\/\/www.kocaizmirli.com.tr\/wp-content\/uploads\/2025\/11\/Image_20251115_0002-1024x705.jpg\" alt=\"\" class=\"wp-image-1358\" srcset=\"https:\/\/www.kocaizmirli.com.tr\/wp-content\/uploads\/2025\/11\/Image_20251115_0002-1024x705.jpg 1024w, https:\/\/www.kocaizmirli.com.tr\/wp-content\/uploads\/2025\/11\/Image_20251115_0002-300x207.jpg 300w, https:\/\/www.kocaizmirli.com.tr\/wp-content\/uploads\/2025\/11\/Image_20251115_0002-768x529.jpg 768w, https:\/\/www.kocaizmirli.com.tr\/wp-content\/uploads\/2025\/11\/Image_20251115_0002-1536x1058.jpg 1536w, https:\/\/www.kocaizmirli.com.tr\/wp-content\/uploads\/2025\/11\/Image_20251115_0002-2048x1411.jpg 2048w, https:\/\/www.kocaizmirli.com.tr\/wp-content\/uploads\/2025\/11\/Image_20251115_0002-436x300.jpg 436w\" sizes=\"auto, (max-width: 1024px) 100vw, 1024px\" \/><\/figure>\n\n\n\n<figure class=\"wp-block-image size-large\"><img loading=\"lazy\" decoding=\"async\" width=\"711\" height=\"1024\" src=\"https:\/\/www.kocaizmirli.com.tr\/wp-content\/uploads\/2025\/11\/Cpower-Certificate2005-711x1024.jpg\" alt=\"\" class=\"wp-image-1361\" srcset=\"https:\/\/www.kocaizmirli.com.tr\/wp-content\/uploads\/2025\/11\/Cpower-Certificate2005-711x1024.jpg 711w, https:\/\/www.kocaizmirli.com.tr\/wp-content\/uploads\/2025\/11\/Cpower-Certificate2005-208x300.jpg 208w, https:\/\/www.kocaizmirli.com.tr\/wp-content\/uploads\/2025\/11\/Cpower-Certificate2005-768x1106.jpg 768w, https:\/\/www.kocaizmirli.com.tr\/wp-content\/uploads\/2025\/11\/Cpower-Certificate2005-1067x1536.jpg 1067w, https:\/\/www.kocaizmirli.com.tr\/wp-content\/uploads\/2025\/11\/Cpower-Certificate2005-1422x2048.jpg 1422w, https:\/\/www.kocaizmirli.com.tr\/wp-content\/uploads\/2025\/11\/Cpower-Certificate2005.jpg 1575w\" sizes=\"auto, (max-width: 711px) 100vw, 711px\" \/><\/figure>\n","protected":false},"excerpt":{"rendered":"","protected":false},"author":1,"featured_media":0,"parent":0,"menu_order":0,"comment_status":"closed","ping_status":"closed","template":"","meta":{"footnotes":""},"class_list":["post-248","page","type-page","status-publish","hentry"],"_links":{"self":[{"href":"https:\/\/www.kocaizmirli.com.tr\/index.php?rest_route=\/wp\/v2\/pages\/248","targetHints":{"allow":["GET"]}}],"collection":[{"href":"https:\/\/www.kocaizmirli.com.tr\/index.php?rest_route=\/wp\/v2\/pages"}],"about":[{"href":"https:\/\/www.kocaizmirli.com.tr\/index.php?rest_route=\/wp\/v2\/types\/page"}],"author":[{"embeddable":true,"href":"https:\/\/www.kocaizmirli.com.tr\/index.php?rest_route=\/wp\/v2\/users\/1"}],"replies":[{"embeddable":true,"href":"https:\/\/www.kocaizmirli.com.tr\/index.php?rest_route=%2Fwp%2Fv2%2Fcomments&post=248"}],"version-history":[{"count":0,"href":"https:\/\/www.kocaizmirli.com.tr\/index.php?rest_route=\/wp\/v2\/pages\/248\/revisions"}],"wp:attachment":[{"href":"https:\/\/www.kocaizmirli.com.tr\/index.php?rest_route=%2Fwp%2Fv2%2Fmedia&parent=248"}],"curies":[{"name":"wp","href":"https:\/\/api.w.org\/{rel}","templated":true}]}}