{"id":275,"date":"2025-07-26T19:18:49","date_gmt":"2025-07-26T19:18:49","guid":{"rendered":"https:\/\/www.kocaizmirli.com.tr\/?page_id=275"},"modified":"2025-08-17T16:15:21","modified_gmt":"2025-08-17T16:15:21","slug":"makaleler","status":"publish","type":"page","link":"https:\/\/www.kocaizmirli.com.tr\/?page_id=275","title":{"rendered":"D\u00fc\u015f\u00fcncelerim"},"content":{"rendered":"\n<p>Ben de\u011ferliyim, <br>Ruhum de\u011ferli \u00e7\u00fcnk\u00fc Allah cc kendi ruhundan \u00fcflemi\u015f ve bu sebeple benim olan her\u015fey de\u011ferlidir. Benim olan\u0131 severim, sayar\u0131m, h\u00fcrmet ederim, kabul ederim, savunurum, ..<br><br>Benim Rabbim, Allah c.c.<br>Benim Peygamberim, Hz Muhammed Aleyhisselam<br>Benim Dinim, \u0130slam<br>Benim Kitab\u0131m, Kuran\u0131 Kerim,<br><br>Benim ailem, <br>Benim kad\u0131n\u0131m, <br>Benim k\u0131z\u0131m,<br>Benim o\u011flum, <br>Benim annem, <br>Benim babam, <br>Benim dedem,<br>Benim ninem,<br>Benim akrabam,<br>Benim arkada\u015f\u0131m,<br><br>Benim \u00dclkem,<br>Benim \u015fehrim,<br>Benim K\u00f6y\u00fcm,<br>Benim i\u015fim,<br>&#8230;<br>Benim olan her\u015fey Allah\u0131n izniyle benimdir ve Allah\u0131n bana bir l\u00fctfudur..<\/p>\n\n\n\n<p>Sizde kendinizi sevin, sizden bir tane var, baz\u0131lar\u0131n\u0131n sizi k\u00fc\u00e7\u00fcmsemesine ald\u0131rmay\u0131n.<\/p>\n\n\n\n<p>Not: Buradaki &#8220;ben&#8221; den kas\u0131t nefsimiz de\u011fildir! Nefis bilindi\u011fi \u00fczere \u015feytan\u0131n talebesi, cahilin tekidir.<br><br>Eyvallah..<\/p>\n\n\n\n<p><\/p>\n","protected":false},"excerpt":{"rendered":"<p>Ben de\u011ferliyim, Ruhum de\u011ferli \u00e7\u00fcnk\u00fc Allah cc kendi ruhundan \u00fcflemi\u015f ve bu sebeple benim olan her\u015fey de\u011ferlidir. Benim olan\u0131 severim, sayar\u0131m, h\u00fcrmet ederim, kabul ederim, savunurum, .. Benim Rabbim, Allah c.c.Benim Peygamberim, Hz Muhammed AleyhisselamBenim Dinim, \u0130slamBenim Kitab\u0131m, Kuran\u0131 Kerim, &hellip; <a href=\"https:\/\/www.kocaizmirli.com.tr\/?page_id=275\">Okumaya devam et <span class=\"meta-nav\">&rarr;<\/span><\/a><\/p>\n","protected":false},"author":1,"featured_media":0,"parent":0,"menu_order":0,"comment_status":"closed","ping_status":"closed","template":"","meta":{"footnotes":""},"class_list":["post-275","page","type-page","status-publish","hentry"],"_links":{"self":[{"href":"https:\/\/www.kocaizmirli.com.tr\/index.php?rest_route=\/wp\/v2\/pages\/275","targetHints":{"allow":["GET"]}}],"collection":[{"href":"https:\/\/www.kocaizmirli.com.tr\/index.php?rest_route=\/wp\/v2\/pages"}],"about":[{"href":"https:\/\/www.kocaizmirli.com.tr\/index.php?rest_route=\/wp\/v2\/types\/page"}],"author":[{"embeddable":true,"href":"https:\/\/www.kocaizmirli.com.tr\/index.php?rest_route=\/wp\/v2\/users\/1"}],"replies":[{"embeddable":true,"href":"https:\/\/www.kocaizmirli.com.tr\/index.php?rest_route=%2Fwp%2Fv2%2Fcomments&post=275"}],"version-history":[{"count":0,"href":"https:\/\/www.kocaizmirli.com.tr\/index.php?rest_route=\/wp\/v2\/pages\/275\/revisions"}],"wp:attachment":[{"href":"https:\/\/www.kocaizmirli.com.tr\/index.php?rest_route=%2Fwp%2Fv2%2Fmedia&parent=275"}],"curies":[{"name":"wp","href":"https:\/\/api.w.org\/{rel}","templated":true}]}}