{"id":527,"date":"2025-08-04T15:16:57","date_gmt":"2025-08-04T15:16:57","guid":{"rendered":"https:\/\/www.kocaizmirli.com.tr\/?page_id=527"},"modified":"2025-11-24T06:31:32","modified_gmt":"2025-11-24T06:31:32","slug":"tasavvuf-hakkinda","status":"publish","type":"page","link":"https:\/\/www.kocaizmirli.com.tr\/?page_id=527","title":{"rendered":"Tasavvuf Hakk\u0131nda"},"content":{"rendered":"\n<p>Hayat\u0131nda baklava yememi\u015f veya baklavay\u0131 sevmeyen birinden baklavan\u0131n lezzetini sorup \u00f6\u011frenmeyin, yan\u0131l\u0131rs\u0131n\u0131z! Baklay\u0131 baklava ustas\u0131ndan yemek laz\u0131m ki, lezzetini ve tad\u0131n\u0131 alal\u0131m. Baklava yapmay\u0131 bilmeyen, ehil olmayan, usta olmayan sahte baklavac\u0131lardan da baklava yiyende gene ne lezzet nede tat alabilir. Ayr\u0131ca baklava ustal\u0131\u011f\u0131 kitaptan okuyarakta \u00f6\u011frenilmez.<\/p>\n\n\n\n<p>Tasavvufta, tasavufa girmemi\u015f veya ondan anlamayan, bilmeyen, sevmeyenden ehil olmayandan sorulmaz, \u00f6\u011frenilmez. Tasavvuf g\u00fczel ahlak i\u00e7in yap\u0131lan bir nefis terbiyesidir. Ki\u015finin kendi nefsine s\u00f6z ge\u00e7irme sanat\u0131d\u0131r. Tasavvuf en \u00e7ok nefse ve nefsine tabi olanlara a\u011f\u0131r gelir \u00e7\u00fcnk\u00fc tasavvufun t\u00fcm amac\u0131 nefsin saltanat\u0131n\u0131 y\u0131k\u0131p, nefsi terbiye edip ruhun t\u00fcm bedende saltanat\u0131n\u0131 hakim k\u0131lmakt\u0131r.<\/p>\n\n\n\n<p>&#8220;Ehline denk gelmeyen her\u015fey ziyan olur, can da inci mercan da!&#8221; [Mevlana r.a.]<br><br>Tasavvufta nasibini arayan, Allah&#8217;a isti\u011ffar ve dua edip, Allah\u0131n habibi sevgili peygamber efendimiz aleyhisselama \u00e7ok\u00e7a salavat getirip nasibini, m\u00fcr\u015fidini istemelidir ki bu alandaki cahilli\u011finden kurtulsun ve nasibine ula\u015fs\u0131n..<\/p>\n\n\n\n<p>Hak yolda giden tasavvuf ve tarikatler ile u\u011fra\u015fmay\u0131da b\u0131rakmak laz\u0131m. Hi\u00e7birimiz ne yaz\u0131k ki tasavvuf ve tarikatlerin m\u00fcntesipleri kadar ne Allah&#8217;\u0131 an\u0131p zikrediyoruz, ne onlar kadar takval\u0131 farz ve s\u00fcnnet ibadet yapmaya \u00e7al\u0131\u015f\u0131yoruz, ne onlar kadar nefis terbiyesi ile u\u011fra\u015f\u0131yoruz, ne onlardan daha fazla namaz k\u0131l\u0131yoruz, ne de onlar kadar nafile ibadet yap\u0131yoruz. \u0130llaki biriyle u\u011fra\u015fmak istiyorsan\u0131z gidin meyhanedekiler ve di\u011fer sap\u0131tm\u0131\u015f insanlar ile u\u011fra\u015f\u0131n diyorum.<\/p>\n\n\n\n<p>Vesselam<br><strong>Dr. Mustafa Kocaizmirli<\/strong><\/p>\n\n\n\n<p><\/p>\n","protected":false},"excerpt":{"rendered":"<p>Hayat\u0131nda baklava yememi\u015f veya baklavay\u0131 sevmeyen birinden baklavan\u0131n lezzetini sorup \u00f6\u011frenmeyin, yan\u0131l\u0131rs\u0131n\u0131z! Baklay\u0131 baklava ustas\u0131ndan yemek laz\u0131m ki, lezzetini ve tad\u0131n\u0131 alal\u0131m. Baklava yapmay\u0131 bilmeyen, ehil olmayan, usta olmayan sahte baklavac\u0131lardan da baklava yiyende gene ne lezzet nede tat alabilir. &hellip; <a href=\"https:\/\/www.kocaizmirli.com.tr\/?page_id=527\">Okumaya devam et <span class=\"meta-nav\">&rarr;<\/span><\/a><\/p>\n","protected":false},"author":1,"featured_media":0,"parent":0,"menu_order":0,"comment_status":"closed","ping_status":"closed","template":"","meta":{"footnotes":""},"class_list":["post-527","page","type-page","status-publish","hentry"],"_links":{"self":[{"href":"https:\/\/www.kocaizmirli.com.tr\/index.php?rest_route=\/wp\/v2\/pages\/527","targetHints":{"allow":["GET"]}}],"collection":[{"href":"https:\/\/www.kocaizmirli.com.tr\/index.php?rest_route=\/wp\/v2\/pages"}],"about":[{"href":"https:\/\/www.kocaizmirli.com.tr\/index.php?rest_route=\/wp\/v2\/types\/page"}],"author":[{"embeddable":true,"href":"https:\/\/www.kocaizmirli.com.tr\/index.php?rest_route=\/wp\/v2\/users\/1"}],"replies":[{"embeddable":true,"href":"https:\/\/www.kocaizmirli.com.tr\/index.php?rest_route=%2Fwp%2Fv2%2Fcomments&post=527"}],"version-history":[{"count":0,"href":"https:\/\/www.kocaizmirli.com.tr\/index.php?rest_route=\/wp\/v2\/pages\/527\/revisions"}],"wp:attachment":[{"href":"https:\/\/www.kocaizmirli.com.tr\/index.php?rest_route=%2Fwp%2Fv2%2Fmedia&parent=527"}],"curies":[{"name":"wp","href":"https:\/\/api.w.org\/{rel}","templated":true}]}}